{"id":7,"date":"2022-03-14T08:09:22","date_gmt":"2022-03-14T08:09:22","guid":{"rendered":"http:\/\/mdormond.eleves.mediamatique.ch\/cie4-migration\/wordpress-5.9.2\/wordpress\/?page_id=7"},"modified":"2022-03-14T08:38:25","modified_gmt":"2022-03-14T08:38:25","slug":"comparaison-cms","status":"publish","type":"page","link":"http:\/\/mdormond.eleves.mediamatique.ch\/cie4-migration\/wordpress-5.9.2\/wordpress\/comparaison-cms\/","title":{"rendered":"comparaison-cms"},"content":{"rendered":"\n<h2 class=\"wp-block-heading\">Qu&rsquo;est-ce qu&rsquo;un CMS?<\/h2>\n\n\n\n<p>Un CMS est un logiciels d&rsquo;administration qui permet de gerer un site internet. l&rsquo;architecture d&rsquo;un CMS differe de celle d&rsquo;uun site web classique.<\/p>\n\n\n\n<h2 class=\"wp-block-heading\">Quatre CMS<\/h2>\n\n\n\n<h3 class=\"wp-block-heading\">WordPress<\/h3>\n\n\n\n<div class=\"wp-block-columns is-layout-flex wp-container-core-columns-is-layout-28f84493 wp-block-columns-is-layout-flex\">\n<div class=\"wp-block-column is-layout-flow wp-block-column-is-layout-flow\">\n<p>\u00ab\u00a0<strong>WordPress<\/strong>\u00a0est un\u00a0<a href=\"https:\/\/fr.wikipedia.org\/wiki\/Syst%C3%A8me_de_gestion_de_contenu\">syst\u00e8me de gestion de contenu<\/a>\u00a0(SGC ou\u00a0<em>content management system<\/em>\u00a0(CMS) en anglais) gratuit,\u00a0<a href=\"https:\/\/fr.wikipedia.org\/wiki\/Logiciel_libre\">libre<\/a>\u00a0et\u00a0<a href=\"https:\/\/fr.wikipedia.org\/wiki\/Open_source\"><em>open-source<\/em><\/a>. Ce\u00a0<a href=\"https:\/\/fr.wikipedia.org\/wiki\/Logiciel\">logiciel<\/a>\u00a0\u00e9crit en\u00a0<a href=\"https:\/\/fr.wikipedia.org\/wiki\/PHP\">PHP<\/a>\u00a0repose sur une\u00a0<a href=\"https:\/\/fr.wikipedia.org\/wiki\/Base_de_donn%C3%A9es\">base de donn\u00e9es<\/a>\u00a0<a href=\"https:\/\/fr.wikipedia.org\/wiki\/MySQL\">MySQL<\/a>\u00a0et est distribu\u00e9 par la fondation WordPress.org. Les fonctionnalit\u00e9s de WordPress lui permettent de cr\u00e9er et g\u00e9rer diff\u00e9rents types de\u00a0<a href=\"https:\/\/fr.wikipedia.org\/wiki\/Sites_Web\">sites Web<\/a>\u00a0: site vitrine, site de\u00a0<a href=\"https:\/\/fr.wikipedia.org\/wiki\/Vente_en_ligne\">vente en ligne<\/a>, site applicatif,\u00a0<a href=\"https:\/\/fr.wikipedia.org\/wiki\/Blog\">blog<\/a>,\u00a0<a href=\"https:\/\/fr.wikipedia.org\/wiki\/Portfolio\">portfolio<\/a>, site institutionnel, site d&rsquo;enseignement\u2026\u00a0\u00bb<\/p>\n\n\n\n<p><a href=\"https:\/\/fr.wikipedia.org\/wiki\/WordPress\">https:\/\/fr.wikipedia.org\/wiki\/WordPress<\/a><\/p>\n<\/div>\n\n\n\n<div class=\"wp-block-column is-layout-flow wp-block-column-is-layout-flow\">\n<figure class=\"wp-block-image size-full\"><img loading=\"lazy\" decoding=\"async\" width=\"1024\" height=\"503\" src=\"http:\/\/mdormond.eleves.mediamatique.ch\/cie4-migration\/wordpress-5.9.2\/wordpress\/wp-content\/uploads\/2022\/03\/WordPress_Twenty_Twelve_Theme.png\" alt=\"\" class=\"wp-image-11\" srcset=\"http:\/\/mdormond.eleves.mediamatique.ch\/cie4-migration\/wordpress-5.9.2\/wordpress\/wp-content\/uploads\/2022\/03\/WordPress_Twenty_Twelve_Theme.png 1024w, http:\/\/mdormond.eleves.mediamatique.ch\/cie4-migration\/wordpress-5.9.2\/wordpress\/wp-content\/uploads\/2022\/03\/WordPress_Twenty_Twelve_Theme-300x147.png 300w, http:\/\/mdormond.eleves.mediamatique.ch\/cie4-migration\/wordpress-5.9.2\/wordpress\/wp-content\/uploads\/2022\/03\/WordPress_Twenty_Twelve_Theme-768x377.png 768w\" sizes=\"auto, (max-width: 1024px) 100vw, 1024px\" \/><figcaption>WordPress Twenty Twelve Theme<br><a href=\"https:\/\/fr.wikipedia.org\/wiki\/WordPress#\/media\/Fichier:WordPress_Twenty_Twelve_Theme.png\">https:\/\/fr.wikipedia.org\/wiki\/WordPress#\/media\/Fichier:WordPress_Twenty_Twelve_Theme.png<\/a><\/figcaption><\/figure>\n\n\n\n<figure class=\"wp-block-image size-full is-resized\"><img loading=\"lazy\" decoding=\"async\" src=\"http:\/\/mdormond.eleves.mediamatique.ch\/cie4-migration\/wordpress-5.9.2\/wordpress\/wp-content\/uploads\/2022\/03\/swag_col-1.jpg\" alt=\"\" class=\"wp-image-17\" width=\"195\" height=\"262\" srcset=\"http:\/\/mdormond.eleves.mediamatique.ch\/cie4-migration\/wordpress-5.9.2\/wordpress\/wp-content\/uploads\/2022\/03\/swag_col-1.jpg 264w, http:\/\/mdormond.eleves.mediamatique.ch\/cie4-migration\/wordpress-5.9.2\/wordpress\/wp-content\/uploads\/2022\/03\/swag_col-1-224x300.jpg 224w\" sizes=\"auto, (max-width: 195px) 100vw, 195px\" \/><figcaption>Logo WordPress<br><a href=\"https:\/\/wordpress.org\">https:\/\/wordpress.org<\/a><\/figcaption><\/figure>\n<\/div>\n<\/div>\n\n\n\n<h3 class=\"wp-block-heading\">Joomla!<\/h3>\n\n\n\n<div class=\"wp-block-columns is-layout-flex wp-container-core-columns-is-layout-28f84493 wp-block-columns-is-layout-flex\">\n<div class=\"wp-block-column is-layout-flow wp-block-column-is-layout-flow\">\n<figure class=\"wp-block-image size-full\"><img loading=\"lazy\" decoding=\"async\" width=\"1024\" height=\"542\" src=\"http:\/\/mdormond.eleves.mediamatique.ch\/cie4-migration\/wordpress-5.9.2\/wordpress\/wp-content\/uploads\/2022\/03\/1024px-JoomlaAdministrator.jpg\" alt=\"\" class=\"wp-image-12\" srcset=\"http:\/\/mdormond.eleves.mediamatique.ch\/cie4-migration\/wordpress-5.9.2\/wordpress\/wp-content\/uploads\/2022\/03\/1024px-JoomlaAdministrator.jpg 1024w, http:\/\/mdormond.eleves.mediamatique.ch\/cie4-migration\/wordpress-5.9.2\/wordpress\/wp-content\/uploads\/2022\/03\/1024px-JoomlaAdministrator-300x159.jpg 300w, http:\/\/mdormond.eleves.mediamatique.ch\/cie4-migration\/wordpress-5.9.2\/wordpress\/wp-content\/uploads\/2022\/03\/1024px-JoomlaAdministrator-768x407.jpg 768w\" sizes=\"auto, (max-width: 1024px) 100vw, 1024px\" \/><figcaption>\u0421\u043a\u0440\u0438\u043d\u0448\u043e\u0442 \u0430\u0434\u043c\u0438\u043d\u0438\u0441\u0442\u0440\u0430\u0442\u0438\u0432\u043d\u043e\u0439 \u043f\u0430\u043d\u0435\u043b\u0438 Joomla 1.5<br><a href=\"https:\/\/fr.wikipedia.org\/wiki\/Joomla!#\/media\/Fichier:JoomlaAdministrator.jpg\">https:\/\/fr.wikipedia.org\/wiki\/Joomla!#\/media\/Fichier:JoomlaAdministrator.jpg<\/a><\/figcaption><\/figure>\n\n\n\n<figure class=\"wp-block-image size-full\"><img loading=\"lazy\" decoding=\"async\" width=\"40\" height=\"40\" src=\"http:\/\/mdormond.eleves.mediamatique.ch\/cie4-migration\/wordpress-5.9.2\/wordpress\/wp-content\/uploads\/2022\/03\/Joomla_logo.png\" alt=\"\" class=\"wp-image-18\"\/><figcaption>Logo Joomla!<br><a href=\"https:\/\/www.joomla.org\">https:\/\/www.joomla.org<\/a><\/figcaption><\/figure>\n<\/div>\n\n\n\n<div class=\"wp-block-column is-layout-flow wp-block-column-is-layout-flow\">\n<p>\u00ab\u00a0<strong>Joomla!<\/strong>\u00a0est un\u00a0<a href=\"https:\/\/fr.wikipedia.org\/wiki\/Syst%C3%A8me_de_gestion_de_contenu\">syst\u00e8me de gestion de contenu<\/a>\u00a0(en\u00a0<a href=\"https:\/\/fr.wikipedia.org\/wiki\/Anglais\">anglais<\/a>\u00a0CMS pour\u00a0<em>content management system<\/em>)\u00a0<a href=\"https:\/\/fr.wikipedia.org\/wiki\/Logiciel_libre\">libre<\/a>,\u00a0<a href=\"https:\/\/fr.wikipedia.org\/wiki\/Open_source\">open source<\/a>\u00a0et gratuit. Il est \u00e9crit en\u00a0<a href=\"https:\/\/fr.wikipedia.org\/wiki\/PHP\">PHP<\/a>\u00a0et utilise une\u00a0<a href=\"https:\/\/fr.wikipedia.org\/wiki\/Base_de_donn%C3%A9es\">base de donn\u00e9es<\/a>\u00a0<a href=\"https:\/\/fr.wikipedia.org\/wiki\/MySQL\">MySQL<\/a>.\u00a0<em>Joomla<\/em>! inclut des fonctionnalit\u00e9s telles que des\u00a0<a href=\"https:\/\/fr.wikipedia.org\/wiki\/Flux_RSS\">flux RSS<\/a>, des news, une version imprimable des pages, des\u00a0<a href=\"https:\/\/fr.wikipedia.org\/wiki\/Blogs\">blogs<\/a>, des sondages, des recherches.\u00a0<em>Joomla<\/em>! est sous licence\u00a0<a href=\"https:\/\/fr.wikipedia.org\/wiki\/GNU_GPL\">GNU GPL<\/a>.\u00a0\u00bb<\/p>\n\n\n\n<p><a href=\"https:\/\/fr.wikipedia.org\/wiki\/Joomla!\">https:\/\/fr.wikipedia.org\/wiki\/Joomla!<\/a><\/p>\n<\/div>\n<\/div>\n\n\n\n<h3 class=\"wp-block-heading\">Drupal<\/h3>\n\n\n\n<div class=\"wp-block-columns is-layout-flex wp-container-core-columns-is-layout-28f84493 wp-block-columns-is-layout-flex\">\n<div class=\"wp-block-column is-layout-flow wp-block-column-is-layout-flow\">\n<p>\u00ab\u00a0<strong>Drupal<\/strong>\u00a0(prononc\u00e9 \u00e0 l&rsquo;anglaise\u00a0<a href=\"https:\/\/fr.wikipedia.org\/wiki\/Alphabet_phon%C3%A9tique_international\">\/\u02c8dru\u02d0p\u0259l\/<\/a>) est un\u00a0<a href=\"https:\/\/fr.wikipedia.org\/wiki\/Syst%C3%A8me_de_gestion_de_contenu\">syst\u00e8me de gestion de contenu<\/a>\u00a0(CMS)\u00a0<a href=\"https:\/\/fr.wikipedia.org\/wiki\/Free\/Libre_Open_Source_Software\">libre et open-source<\/a>\u00a0publi\u00e9 sous la\u00a0<a href=\"https:\/\/fr.wikipedia.org\/wiki\/Licence_publique_g%C3%A9n%C3%A9rale_GNU\">licence publique g\u00e9n\u00e9rale GNU<\/a>\u00a0et \u00e9crit en\u00a0<a href=\"https:\/\/fr.wikipedia.org\/wiki\/PHP:_Hypertext_Preprocessor\">PHP<\/a>. Il permet la cr\u00e9ation et l&rsquo;entretien de sites Web de mani\u00e8re plus rapide et plus efficace que la programmation HTML\/CSS classique.\u00a0\u00bb<\/p>\n\n\n\n<p><a href=\"https:\/\/fr.wikipedia.org\/wiki\/Drupal\">https:\/\/fr.wikipedia.org\/wiki\/Drupal<\/a><\/p>\n<\/div>\n\n\n\n<div class=\"wp-block-column is-layout-flow wp-block-column-is-layout-flow\">\n<figure class=\"wp-block-image size-full\"><img loading=\"lazy\" decoding=\"async\" width=\"800\" height=\"915\" src=\"http:\/\/mdormond.eleves.mediamatique.ch\/cie4-migration\/wordpress-5.9.2\/wordpress\/wp-content\/uploads\/2022\/03\/Druplicon.large_.png\" alt=\"\" class=\"wp-image-13\" srcset=\"http:\/\/mdormond.eleves.mediamatique.ch\/cie4-migration\/wordpress-5.9.2\/wordpress\/wp-content\/uploads\/2022\/03\/Druplicon.large_.png 800w, http:\/\/mdormond.eleves.mediamatique.ch\/cie4-migration\/wordpress-5.9.2\/wordpress\/wp-content\/uploads\/2022\/03\/Druplicon.large_-262x300.png 262w, http:\/\/mdormond.eleves.mediamatique.ch\/cie4-migration\/wordpress-5.9.2\/wordpress\/wp-content\/uploads\/2022\/03\/Druplicon.large_-768x878.png 768w\" sizes=\"auto, (max-width: 800px) 100vw, 800px\" \/><figcaption><br>Drupal icon<br><a href=\"https:\/\/fr.wikipedia.org\/wiki\/Drupal#\/media\/Fichier:Druplicon.large.png\">https:\/\/fr.wikipedia.org\/wiki\/Drupal#\/media\/Fichier:Druplicon.large.png<\/a><\/figcaption><\/figure>\n\n\n\n<figure class=\"wp-block-image size-full\"><img loading=\"lazy\" decoding=\"async\" width=\"42\" height=\"50\" src=\"http:\/\/mdormond.eleves.mediamatique.ch\/cie4-migration\/wordpress-5.9.2\/wordpress\/wp-content\/uploads\/2022\/03\/logo.png\" alt=\"\" class=\"wp-image-20\"\/><figcaption>Logo Drupal<br><a href=\"https:\/\/www.drupal.com\">https:\/\/www.drupal.com<\/a><\/figcaption><\/figure>\n<\/div>\n<\/div>\n\n\n\n<h3 class=\"wp-block-heading\">Typo3<\/h3>\n\n\n\n<div class=\"wp-block-columns is-layout-flex wp-container-core-columns-is-layout-28f84493 wp-block-columns-is-layout-flex\">\n<div class=\"wp-block-column is-layout-flow wp-block-column-is-layout-flow\">\n<figure class=\"wp-block-image size-full\"><img loading=\"lazy\" decoding=\"async\" width=\"1024\" height=\"472\" src=\"http:\/\/mdormond.eleves.mediamatique.ch\/cie4-migration\/wordpress-5.9.2\/wordpress\/wp-content\/uploads\/2022\/03\/TYPO3_Backend.png\" alt=\"\" class=\"wp-image-14\" srcset=\"http:\/\/mdormond.eleves.mediamatique.ch\/cie4-migration\/wordpress-5.9.2\/wordpress\/wp-content\/uploads\/2022\/03\/TYPO3_Backend.png 1024w, http:\/\/mdormond.eleves.mediamatique.ch\/cie4-migration\/wordpress-5.9.2\/wordpress\/wp-content\/uploads\/2022\/03\/TYPO3_Backend-300x138.png 300w, http:\/\/mdormond.eleves.mediamatique.ch\/cie4-migration\/wordpress-5.9.2\/wordpress\/wp-content\/uploads\/2022\/03\/TYPO3_Backend-768x354.png 768w\" sizes=\"auto, (max-width: 1024px) 100vw, 1024px\" \/><figcaption>Screenshot of the TYPO3 CMS 7 Backend, seen as an editor on Firefox for Windows<br><a href=\"https:\/\/fr.wikipedia.org\/wiki\/TYPO3#\/media\/Fichier:TYPO3_Backend.png\">https:\/\/fr.wikipedia.org\/wiki\/TYPO3#\/media\/Fichier:TYPO3_Backend.png<\/a><\/figcaption><\/figure>\n\n\n\n<figure class=\"wp-block-image size-full\"><img loading=\"lazy\" decoding=\"async\" width=\"879\" height=\"754\" src=\"http:\/\/mdormond.eleves.mediamatique.ch\/cie4-migration\/wordpress-5.9.2\/wordpress\/wp-content\/uploads\/2022\/03\/Opera-Snapshot_2022-03-14_093731_typo3.com_.png\" alt=\"\" class=\"wp-image-21\" srcset=\"http:\/\/mdormond.eleves.mediamatique.ch\/cie4-migration\/wordpress-5.9.2\/wordpress\/wp-content\/uploads\/2022\/03\/Opera-Snapshot_2022-03-14_093731_typo3.com_.png 879w, http:\/\/mdormond.eleves.mediamatique.ch\/cie4-migration\/wordpress-5.9.2\/wordpress\/wp-content\/uploads\/2022\/03\/Opera-Snapshot_2022-03-14_093731_typo3.com_-300x257.png 300w, http:\/\/mdormond.eleves.mediamatique.ch\/cie4-migration\/wordpress-5.9.2\/wordpress\/wp-content\/uploads\/2022\/03\/Opera-Snapshot_2022-03-14_093731_typo3.com_-768x659.png 768w\" sizes=\"auto, (max-width: 879px) 100vw, 879px\" \/><figcaption>Capture d&rsquo;\u00e9cran<br><a href=\"https:\/\/typo3.com\">https:\/\/typo3.com<\/a><\/figcaption><\/figure>\n<\/div>\n\n\n\n<div class=\"wp-block-column is-layout-flow wp-block-column-is-layout-flow\">\n<p>\u00ab\u00a0<strong>TYPO3<\/strong>\u00a0est un\u00a0<a href=\"https:\/\/fr.wikipedia.org\/wiki\/Syst%C3%A8me_de_gestion_de_contenu\">syst\u00e8me de gestion de contenu<\/a>\u00a0(CMS)\u00a0<a href=\"https:\/\/fr.wikipedia.org\/wiki\/Logiciel_libre\">libre<\/a>\u00a0\u00e9crit en\u00a0<a href=\"https:\/\/fr.wikipedia.org\/wiki\/PHP\">PHP<\/a>, cr\u00e9\u00e9 en\u00a0<a href=\"https:\/\/fr.wikipedia.org\/wiki\/1997_en_informatique\">1997<\/a>\u00a0par le\u00a0<a href=\"https:\/\/fr.wikipedia.org\/wiki\/Danemark\">Danois<\/a>\u00a0Kasper Sk\u00e5rh\u00f8j.<\/p>\n\n\n\n<p>TYPO3 est publi\u00e9 sous la\u00a0<a href=\"https:\/\/fr.wikipedia.org\/wiki\/Licence_publique_g%C3%A9n%C3%A9rale_GNU\">Licence publique g\u00e9n\u00e9rale GNU<\/a>\u00a0et fonctionne sur un serveur\u00a0<a href=\"https:\/\/fr.wikipedia.org\/wiki\/Apache_HTTP_Server\">Apache<\/a>\u00a0ou\u00a0<a href=\"https:\/\/fr.wikipedia.org\/wiki\/Internet_Information_Services\">IIS<\/a>.\u00a0\u00bb<\/p>\n\n\n\n<p><a href=\"https:\/\/fr.wikipedia.org\/wiki\/TYPO3\">https:\/\/fr.wikipedia.org\/wiki\/TYPO3<\/a><\/p>\n<\/div>\n<\/div>\n\n\n\n<h2 class=\"wp-block-heading\">Front-end<\/h2>\n\n\n\n<p>\u00ab\u00a0Un\u00a0<strong>frontal<\/strong>\u00a0(en anglais,\u00a0<em>frontend<\/em>,\u00a0<em>front-end processor<\/em>\u00a0ou\u00a0<em>FEP<\/em>) est un \u00e9quipement informatique. On l&rsquo;oppose g\u00e9n\u00e9ralement au\u00a0<a href=\"https:\/\/fr.wikipedia.org\/wiki\/Backend\">backend<\/a>.<\/p>\n\n\n\n<p>En&nbsp;<a href=\"https:\/\/fr.wikipedia.org\/wiki\/Informatique\">informatique<\/a>, un&nbsp;<strong>frontal<\/strong>&nbsp;peut d\u00e9signer une interface de communication entre plusieurs applications h\u00e9t\u00e9rog\u00e8nes ou un point d&rsquo;entr\u00e9e uniformis\u00e9 pour des services diff\u00e9rents. Par exemple, dans les&nbsp;<a href=\"https:\/\/fr.wikipedia.org\/wiki\/Architecture_logicielle\">architectures<\/a>&nbsp;<a href=\"https:\/\/fr.wikipedia.org\/wiki\/World_Wide_Web\">web<\/a>, on peut utiliser un&nbsp;<strong>serveur frontal<\/strong>&nbsp;<a href=\"https:\/\/fr.wikipedia.org\/wiki\/Hypertext_Transfer_Protocol\">HTTP<\/a>&nbsp;pour traiter les requ\u00eates g\u00e9n\u00e9rales et renvoyer certaines demandes de service vers un&nbsp;<a href=\"https:\/\/fr.wikipedia.org\/wiki\/Conteneur_(homonymie)\">conteneur<\/a>&nbsp;d&rsquo;application (comme&nbsp;<a href=\"https:\/\/fr.wikipedia.org\/wiki\/Apache_Tomcat\">Tomcat<\/a>) ou un&nbsp;<a href=\"https:\/\/fr.wikipedia.org\/wiki\/Serveur_d%27applications\">serveur d&rsquo;applications<\/a>&nbsp;(comme&nbsp;<a href=\"https:\/\/fr.wikipedia.org\/wiki\/JBoss\">JBoss<\/a>,&nbsp;<a href=\"https:\/\/fr.wikipedia.org\/wiki\/GlassFish\">GlassFish<\/a>, TomEE (<a href=\"https:\/\/en.wikipedia.org\/wiki\/Apache_TomEE\">en<\/a>), Resin (<a href=\"https:\/\/en.wikipedia.org\/wiki\/Resin_Server\">en<\/a>), &#8230;).<\/p>\n\n\n\n<p>Plus g\u00e9n\u00e9ralement, il s&rsquo;agit de la mise en place d&rsquo;un serveur permettant la dissimulation d&rsquo;un autre. Dans ce cas, le serveur frontal intercepte les\u00a0<a href=\"https:\/\/fr.wikipedia.org\/wiki\/Requ%C3%AAte\">requ\u00eates<\/a>\u00a0utilisateur et les r\u00e9-envoie vers le serveur backend. Le serveur frontal agit donc comme un\u00a0<a href=\"https:\/\/fr.wikipedia.org\/wiki\/Proxy\">proxy<\/a>. La mise en place d&rsquo;un tel syst\u00e8me cr\u00e9e un\u00a0<a href=\"https:\/\/fr.wikipedia.org\/wiki\/Temps_de_r%C3%A9ponse_(%C3%A9lectronique)\">temps de latence<\/a>\u00a0li\u00e9 \u00e0 la distance entre les deux serveurs.\u00a0\u00bb<\/p>\n\n\n\n<p><a href=\"https:\/\/fr.wikipedia.org\/wiki\/Frontal_(serveur)\">https:\/\/fr.wikipedia.org\/wiki\/Frontal_(serveur)<\/a><\/p>\n\n\n\n<h2 class=\"wp-block-heading\">Back-end<\/h2>\n\n\n\n<p>\u00ab\u00a0En\u00a0<a href=\"https:\/\/fr.wikipedia.org\/wiki\/Informatique\">informatique<\/a>, un\u00a0<strong>back-end<\/strong>\u00a0(parfois aussi appel\u00e9 un\u00a0<strong>dorsal<\/strong><sup><a href=\"https:\/\/fr.wikipedia.org\/wiki\/Backend#cite_note-GDT-1\">1<\/a><\/sup>) est un terme d\u00e9signant un \u00e9tage de sortie d&rsquo;un\u00a0<a href=\"https:\/\/fr.wikipedia.org\/wiki\/Logiciel\">logiciel<\/a>\u00a0devant produire un r\u00e9sultat. On l&rsquo;oppose au\u00a0<a href=\"https:\/\/fr.wikipedia.org\/wiki\/Frontal_(serveur)\">front-end<\/a>\u00a0(aussi appel\u00e9 un\u00a0<strong>frontal<\/strong>) qui lui est la partie visible de l&rsquo;iceberg<sup><a href=\"https:\/\/fr.wikipedia.org\/wiki\/Backend#cite_note-2\">2<\/a><\/sup>.\u00a0\u00bb<\/p>\n\n\n\n<p>\u00ab\u00a0Voici quelques exemples plus concrets, pour mieux se figurer le concept\u00a0:<\/p>\n\n\n\n<ul class=\"wp-block-list\"><li>Dans un magasin, on trouve une arri\u00e8re-boutique o\u00f9 sont stock\u00e9s les articles, et un bureau qui assure le bon fonctionnement du magasin. Il s&rsquo;agit du back-end, de tout ce qui se passe en arri\u00e8re-plan sans que le client ne s&rsquo;en rende compte. Dans ce m\u00eame magasin, on retrouve un service \u00e0 la client\u00e8le et des \u00e9talages. Il s&rsquo;agit du front-end, de ce que le client voit.<\/li><li>Dans une architecture\u00a0<a href=\"https:\/\/fr.wikipedia.org\/wiki\/Mod%C3%A8le-vue-contr%C3%B4leur\">mod\u00e8le-vue-contr\u00f4leur<\/a>, la vue fait partie du front-end (interface utilisateur) alors que le mod\u00e8le et le contr\u00f4leur font partie du back-end (repr\u00e9sentation et traitement des donn\u00e9es en arri\u00e8re-plan).<\/li><li>Dans un environnement\u00a0<a href=\"https:\/\/fr.wikipedia.org\/wiki\/Client-serveur\">client-serveur<\/a>, on consid\u00e8re que le\u00a0<a href=\"https:\/\/fr.wikipedia.org\/wiki\/Client_(informatique)\">client<\/a>\u00a0fait office de front-end alors que le serveur fait office de back-end.<\/li><li>Dans l&rsquo;ancien syst\u00e8me d&rsquo;exploitation\u00a0<a href=\"https:\/\/fr.wikipedia.org\/wiki\/Windows_3.1\">Windows 3.1<\/a>, le sous-syst\u00e8me d&rsquo;exploitation MS-DOS \u00e9tait consid\u00e9r\u00e9 comme le back-end alors que l&rsquo;interface graphique avec laquelle l&rsquo;utilisateur interagit \u00e9tait consid\u00e9r\u00e9e comme \u00e9tant le front-end.\u00a0\u00bb<\/li><\/ul>\n\n\n\n<p><a href=\"https:\/\/fr.wikipedia.org\/wiki\/Backend\">https:\/\/fr.wikipedia.org\/wiki\/Backend<\/a><\/p>\n","protected":false},"excerpt":{"rendered":"<p>Qu&rsquo;est-ce qu&rsquo;un CMS? Un CMS est un logiciels d&rsquo;administration qui permet de gerer un site internet. l&rsquo;architecture d&rsquo;un CMS differe de celle d&rsquo;uun site web classique. Quatre CMS WordPress \u00ab\u00a0WordPress\u00a0est un\u00a0syst\u00e8me de gestion de contenu\u00a0(SGC ou\u00a0content management system\u00a0(CMS) en anglais) gratuit,\u00a0libre\u00a0et\u00a0open-source. Ce\u00a0logiciel\u00a0\u00e9crit en\u00a0PHP\u00a0repose sur une\u00a0base de donn\u00e9es\u00a0MySQL\u00a0et est distribu\u00e9 par la fondation WordPress.org. Les fonctionnalit\u00e9s [&hellip;]<\/p>\n","protected":false},"author":1,"featured_media":0,"parent":0,"menu_order":0,"comment_status":"closed","ping_status":"closed","template":"","meta":{"footnotes":""},"class_list":["post-7","page","type-page","status-publish","hentry"],"_links":{"self":[{"href":"http:\/\/mdormond.eleves.mediamatique.ch\/cie4-migration\/wordpress-5.9.2\/wordpress\/wp-json\/wp\/v2\/pages\/7","targetHints":{"allow":["GET"]}}],"collection":[{"href":"http:\/\/mdormond.eleves.mediamatique.ch\/cie4-migration\/wordpress-5.9.2\/wordpress\/wp-json\/wp\/v2\/pages"}],"about":[{"href":"http:\/\/mdormond.eleves.mediamatique.ch\/cie4-migration\/wordpress-5.9.2\/wordpress\/wp-json\/wp\/v2\/types\/page"}],"author":[{"embeddable":true,"href":"http:\/\/mdormond.eleves.mediamatique.ch\/cie4-migration\/wordpress-5.9.2\/wordpress\/wp-json\/wp\/v2\/users\/1"}],"replies":[{"embeddable":true,"href":"http:\/\/mdormond.eleves.mediamatique.ch\/cie4-migration\/wordpress-5.9.2\/wordpress\/wp-json\/wp\/v2\/comments?post=7"}],"version-history":[{"count":3,"href":"http:\/\/mdormond.eleves.mediamatique.ch\/cie4-migration\/wordpress-5.9.2\/wordpress\/wp-json\/wp\/v2\/pages\/7\/revisions"}],"predecessor-version":[{"id":22,"href":"http:\/\/mdormond.eleves.mediamatique.ch\/cie4-migration\/wordpress-5.9.2\/wordpress\/wp-json\/wp\/v2\/pages\/7\/revisions\/22"}],"wp:attachment":[{"href":"http:\/\/mdormond.eleves.mediamatique.ch\/cie4-migration\/wordpress-5.9.2\/wordpress\/wp-json\/wp\/v2\/media?parent=7"}],"curies":[{"name":"wp","href":"https:\/\/api.w.org\/{rel}","templated":true}]}}