{"id":105,"date":"2022-03-15T07:32:25","date_gmt":"2022-03-15T07:32:25","guid":{"rendered":"http:\/\/mdormond.eleves.mediamatique.ch\/wp-cie4-site1\/wordpress\/?page_id=105"},"modified":"2022-03-17T10:36:06","modified_gmt":"2022-03-17T10:36:06","slug":"creations","status":"publish","type":"page","link":"https:\/\/mdormond.eleves.mediamatique.ch\/wp-cie4-site1\/wordpress\/creations\/","title":{"rendered":"Le saut du tremplin &#8211; Cr\u00e9ations"},"content":{"rendered":"\t\t<div data-elementor-type=\"wp-page\" data-elementor-id=\"105\" class=\"elementor elementor-105\">\n\t\t\t\t\t\t\t\t\t<section class=\"elementor-section elementor-top-section elementor-element elementor-element-76de6e15 elementor-section-full_width elementor-section-height-min-height elementor-section-height-default elementor-section-items-middle\" data-id=\"76de6e15\" data-element_type=\"section\" data-settings=\"{&quot;jet_parallax_layout_list&quot;:[],&quot;background_background&quot;:&quot;classic&quot;}\">\n\t\t\t\t\t\t<div class=\"elementor-container elementor-column-gap-default\">\n\t\t\t\t\t<div class=\"elementor-column elementor-col-100 elementor-top-column elementor-element elementor-element-3392e57\" data-id=\"3392e57\" data-element_type=\"column\">\n\t\t\t<div class=\"elementor-widget-wrap elementor-element-populated\">\n\t\t\t\t\t\t\t\t<div class=\"elementor-element elementor-element-20e40298 elementor-widget elementor-widget-heading\" data-id=\"20e40298\" data-element_type=\"widget\" data-widget_type=\"heading.default\">\n\t\t\t\t<div class=\"elementor-widget-container\">\n\t\t\t<style>\/*! elementor - v3.6.6 - 08-06-2022 *\/\n.elementor-heading-title{padding:0;margin:0;line-height:1}.elementor-widget-heading .elementor-heading-title[class*=elementor-size-]>a{color:inherit;font-size:inherit;line-height:inherit}.elementor-widget-heading .elementor-heading-title.elementor-size-small{font-size:15px}.elementor-widget-heading .elementor-heading-title.elementor-size-medium{font-size:19px}.elementor-widget-heading .elementor-heading-title.elementor-size-large{font-size:29px}.elementor-widget-heading .elementor-heading-title.elementor-size-xl{font-size:39px}.elementor-widget-heading .elementor-heading-title.elementor-size-xxl{font-size:59px}<\/style><h1 class=\"elementor-heading-title elementor-size-default\">Cr\u00e9ations<\/h1>\t\t<\/div>\n\t\t\t\t<\/div>\n\t\t\t\t\t<\/div>\n\t\t<\/div>\n\t\t\t\t\t\t\t<\/div>\n\t\t<\/section>\n\t\t\t\t<section class=\"elementor-section elementor-top-section elementor-element elementor-element-bf5a21c elementor-section-height-min-height elementor-section-boxed elementor-section-height-default elementor-section-items-middle\" data-id=\"bf5a21c\" data-element_type=\"section\" data-settings=\"{&quot;jet_parallax_layout_list&quot;:[],&quot;background_background&quot;:&quot;gradient&quot;}\">\n\t\t\t\t\t\t<div class=\"elementor-container elementor-column-gap-default\">\n\t\t\t\t\t<div class=\"elementor-column elementor-col-100 elementor-top-column elementor-element elementor-element-8e702e5\" data-id=\"8e702e5\" data-element_type=\"column\">\n\t\t\t<div class=\"elementor-widget-wrap\">\n\t\t\t\t\t\t\t\t\t<\/div>\n\t\t<\/div>\n\t\t\t\t\t\t\t<\/div>\n\t\t<\/section>\n\t\t\t\t<section class=\"elementor-section elementor-top-section elementor-element elementor-element-141c072 elementor-section-boxed elementor-section-height-default elementor-section-height-default\" data-id=\"141c072\" data-element_type=\"section\" data-settings=\"{&quot;jet_parallax_layout_list&quot;:[]}\">\n\t\t\t\t\t\t<div class=\"elementor-container elementor-column-gap-default\">\n\t\t\t\t\t<div class=\"elementor-column elementor-col-100 elementor-top-column elementor-element elementor-element-b429880\" data-id=\"b429880\" data-element_type=\"column\">\n\t\t\t<div class=\"elementor-widget-wrap elementor-element-populated\">\n\t\t\t\t\t\t\t\t<div class=\"elementor-element elementor-element-59e7aab elementor-widget elementor-widget-spacer\" data-id=\"59e7aab\" data-element_type=\"widget\" data-widget_type=\"spacer.default\">\n\t\t\t\t<div class=\"elementor-widget-container\">\n\t\t\t<style>\/*! elementor - v3.6.6 - 08-06-2022 *\/\n.e-container.e-container--row .elementor-spacer-inner{width:var(--spacer-size)}.e-container.e-container--column .elementor-spacer-inner,.elementor-column .elementor-spacer-inner{height:var(--spacer-size)}<\/style>\t\t<div class=\"elementor-spacer\">\n\t\t\t<div class=\"elementor-spacer-inner\"><\/div>\n\t\t<\/div>\n\t\t\t\t<\/div>\n\t\t\t\t<\/div>\n\t\t\t\t<div class=\"elementor-element elementor-element-47aa04e elementor-grid-3 elementor-grid-tablet-2 elementor-grid-mobile-1 elementor-posts--thumbnail-top elementor-card-shadow-yes elementor-posts__hover-gradient elementor-widget elementor-widget-posts\" data-id=\"47aa04e\" data-element_type=\"widget\" data-settings=\"{&quot;cards_columns&quot;:&quot;3&quot;,&quot;cards_columns_tablet&quot;:&quot;2&quot;,&quot;cards_columns_mobile&quot;:&quot;1&quot;,&quot;cards_row_gap&quot;:{&quot;unit&quot;:&quot;px&quot;,&quot;size&quot;:35,&quot;sizes&quot;:[]},&quot;cards_row_gap_tablet&quot;:{&quot;unit&quot;:&quot;px&quot;,&quot;size&quot;:&quot;&quot;,&quot;sizes&quot;:[]},&quot;cards_row_gap_mobile&quot;:{&quot;unit&quot;:&quot;px&quot;,&quot;size&quot;:&quot;&quot;,&quot;sizes&quot;:[]}}\" data-widget_type=\"posts.cards\">\n\t\t\t\t<div class=\"elementor-widget-container\">\n\t\t\t<link rel=\"stylesheet\" href=\"http:\/\/mdormond.eleves.mediamatique.ch\/wp-cie4-site1\/wordpress\/wp-content\/plugins\/elementor-pro\/assets\/css\/widget-posts.min.css\">\t\t<div class=\"elementor-posts-container elementor-posts elementor-posts--skin-cards elementor-grid\">\n\t\t\t\t<article class=\"elementor-post elementor-grid-item post-326 post type-post status-publish format-standard has-post-thumbnail hentry category-creations\">\n\t\t\t<div class=\"elementor-post__card\">\n\t\t\t\t<a class=\"elementor-post__thumbnail__link\" href=\"https:\/\/mdormond.eleves.mediamatique.ch\/wp-cie4-site1\/wordpress\/la-nuit-de-qaraqosh\/\" ><div class=\"elementor-post__thumbnail\"><img loading=\"lazy\" decoding=\"async\" width=\"300\" height=\"190\" src=\"https:\/\/mdormond.eleves.mediamatique.ch\/wp-cie4-site1\/wordpress\/wp-content\/uploads\/2022\/03\/20200204-Piece-de-theatre-une-nuit-a-Quaraqosh-2153-300x190.jpg\" class=\"attachment-medium size-medium\" alt=\"Quatre acteurs prennent le th\u00e9 dans un salon maghrebin\" srcset=\"https:\/\/mdormond.eleves.mediamatique.ch\/wp-cie4-site1\/wordpress\/wp-content\/uploads\/2022\/03\/20200204-Piece-de-theatre-une-nuit-a-Quaraqosh-2153-300x190.jpg 300w, https:\/\/mdormond.eleves.mediamatique.ch\/wp-cie4-site1\/wordpress\/wp-content\/uploads\/2022\/03\/20200204-Piece-de-theatre-une-nuit-a-Quaraqosh-2153-1024x649.jpg 1024w, https:\/\/mdormond.eleves.mediamatique.ch\/wp-cie4-site1\/wordpress\/wp-content\/uploads\/2022\/03\/20200204-Piece-de-theatre-une-nuit-a-Quaraqosh-2153-768x487.jpg 768w, https:\/\/mdormond.eleves.mediamatique.ch\/wp-cie4-site1\/wordpress\/wp-content\/uploads\/2022\/03\/20200204-Piece-de-theatre-une-nuit-a-Quaraqosh-2153-1536x974.jpg 1536w, https:\/\/mdormond.eleves.mediamatique.ch\/wp-cie4-site1\/wordpress\/wp-content\/uploads\/2022\/03\/20200204-Piece-de-theatre-une-nuit-a-Quaraqosh-2153-2048x1298.jpg 2048w\" sizes=\"auto, (max-width: 300px) 100vw, 300px\" \/><\/div><\/a>\n\t\t\t\t<div class=\"elementor-post__text\">\n\t\t\t\t<h3 class=\"elementor-post__title\">\n\t\t\t<a href=\"https:\/\/mdormond.eleves.mediamatique.ch\/wp-cie4-site1\/wordpress\/la-nuit-de-qaraqosh\/\" >\n\t\t\t\tLa Nuit de Qaraqosh\t\t\t<\/a>\n\t\t<\/h3>\n\t\t\t\t\t<a class=\"elementor-post__read-more\" href=\"https:\/\/mdormond.eleves.mediamatique.ch\/wp-cie4-site1\/wordpress\/la-nuit-de-qaraqosh\/\" >\n\t\t\t\tEn savoir plus \u00bb\t\t\t<\/a>\n\t\t\t\t<\/div>\n\t\t\t\t\t<\/div>\n\t\t<\/article>\n\t\t\t\t<article class=\"elementor-post elementor-grid-item post-308 post type-post status-publish format-standard has-post-thumbnail hentry category-creations\">\n\t\t\t<div class=\"elementor-post__card\">\n\t\t\t\t<a class=\"elementor-post__thumbnail__link\" href=\"https:\/\/mdormond.eleves.mediamatique.ch\/wp-cie4-site1\/wordpress\/bain-de-menage\/\" ><div class=\"elementor-post__thumbnail\"><img loading=\"lazy\" decoding=\"async\" width=\"300\" height=\"207\" src=\"https:\/\/mdormond.eleves.mediamatique.ch\/wp-cie4-site1\/wordpress\/wp-content\/uploads\/2022\/03\/bain-de-menage-300x207.png\" class=\"attachment-medium size-medium\" alt=\"Les jambes d&#039;une femme d\u00e9passent d&#039;une baignoire\" srcset=\"https:\/\/mdormond.eleves.mediamatique.ch\/wp-cie4-site1\/wordpress\/wp-content\/uploads\/2022\/03\/bain-de-menage-300x207.png 300w, https:\/\/mdormond.eleves.mediamatique.ch\/wp-cie4-site1\/wordpress\/wp-content\/uploads\/2022\/03\/bain-de-menage-1024x708.png 1024w, https:\/\/mdormond.eleves.mediamatique.ch\/wp-cie4-site1\/wordpress\/wp-content\/uploads\/2022\/03\/bain-de-menage-768x531.png 768w, https:\/\/mdormond.eleves.mediamatique.ch\/wp-cie4-site1\/wordpress\/wp-content\/uploads\/2022\/03\/bain-de-menage.png 1333w\" sizes=\"auto, (max-width: 300px) 100vw, 300px\" \/><\/div><\/a>\n\t\t\t\t<div class=\"elementor-post__text\">\n\t\t\t\t<h3 class=\"elementor-post__title\">\n\t\t\t<a href=\"https:\/\/mdormond.eleves.mediamatique.ch\/wp-cie4-site1\/wordpress\/bain-de-menage\/\" >\n\t\t\t\tBain de m\u00e9nage\t\t\t<\/a>\n\t\t<\/h3>\n\t\t\t\t\t<a class=\"elementor-post__read-more\" href=\"https:\/\/mdormond.eleves.mediamatique.ch\/wp-cie4-site1\/wordpress\/bain-de-menage\/\" >\n\t\t\t\tEn savoir plus \u00bb\t\t\t<\/a>\n\t\t\t\t<\/div>\n\t\t\t\t\t<\/div>\n\t\t<\/article>\n\t\t\t\t<article class=\"elementor-post elementor-grid-item post-306 post type-post status-publish format-standard has-post-thumbnail hentry category-creations\">\n\t\t\t<div class=\"elementor-post__card\">\n\t\t\t\t<a class=\"elementor-post__thumbnail__link\" href=\"https:\/\/mdormond.eleves.mediamatique.ch\/wp-cie4-site1\/wordpress\/les-deux-soeurs\/\" ><div class=\"elementor-post__thumbnail\"><img loading=\"lazy\" decoding=\"async\" width=\"300\" height=\"169\" src=\"https:\/\/mdormond.eleves.mediamatique.ch\/wp-cie4-site1\/wordpress\/wp-content\/uploads\/2022\/03\/DSC09256-Copie-300x169.jpg\" class=\"attachment-medium size-medium\" alt=\"Deux com\u00e9diennes se maquillent sur sc\u00e8ne en vis-\u00e0-vis donnant l&#039;impression de miroir\" srcset=\"https:\/\/mdormond.eleves.mediamatique.ch\/wp-cie4-site1\/wordpress\/wp-content\/uploads\/2022\/03\/DSC09256-Copie-300x169.jpg 300w, https:\/\/mdormond.eleves.mediamatique.ch\/wp-cie4-site1\/wordpress\/wp-content\/uploads\/2022\/03\/DSC09256-Copie-1024x576.jpg 1024w, https:\/\/mdormond.eleves.mediamatique.ch\/wp-cie4-site1\/wordpress\/wp-content\/uploads\/2022\/03\/DSC09256-Copie-768x432.jpg 768w, https:\/\/mdormond.eleves.mediamatique.ch\/wp-cie4-site1\/wordpress\/wp-content\/uploads\/2022\/03\/DSC09256-Copie-1536x864.jpg 1536w, https:\/\/mdormond.eleves.mediamatique.ch\/wp-cie4-site1\/wordpress\/wp-content\/uploads\/2022\/03\/DSC09256-Copie-2048x1152.jpg 2048w\" sizes=\"auto, (max-width: 300px) 100vw, 300px\" \/><\/div><\/a>\n\t\t\t\t<div class=\"elementor-post__text\">\n\t\t\t\t<h3 class=\"elementor-post__title\">\n\t\t\t<a href=\"https:\/\/mdormond.eleves.mediamatique.ch\/wp-cie4-site1\/wordpress\/les-deux-soeurs\/\" >\n\t\t\t\tLes deux soeurs\t\t\t<\/a>\n\t\t<\/h3>\n\t\t\t\t\t<a class=\"elementor-post__read-more\" href=\"https:\/\/mdormond.eleves.mediamatique.ch\/wp-cie4-site1\/wordpress\/les-deux-soeurs\/\" >\n\t\t\t\tEn savoir plus \u00bb\t\t\t<\/a>\n\t\t\t\t<\/div>\n\t\t\t\t\t<\/div>\n\t\t<\/article>\n\t\t\t\t<article class=\"elementor-post elementor-grid-item post-304 post type-post status-publish format-standard has-post-thumbnail hentry category-creations\">\n\t\t\t<div class=\"elementor-post__card\">\n\t\t\t\t<a class=\"elementor-post__thumbnail__link\" href=\"https:\/\/mdormond.eleves.mediamatique.ch\/wp-cie4-site1\/wordpress\/en-pleine-mer\/\" ><div class=\"elementor-post__thumbnail\"><img loading=\"lazy\" decoding=\"async\" width=\"291\" height=\"300\" src=\"https:\/\/mdormond.eleves.mediamatique.ch\/wp-cie4-site1\/wordpress\/wp-content\/uploads\/2022\/03\/en-pleine-mer-291x300.png\" class=\"attachment-medium size-medium\" alt=\"Texte en surimpression d&#039;une image de vagues\" srcset=\"https:\/\/mdormond.eleves.mediamatique.ch\/wp-cie4-site1\/wordpress\/wp-content\/uploads\/2022\/03\/en-pleine-mer-291x300.png 291w, https:\/\/mdormond.eleves.mediamatique.ch\/wp-cie4-site1\/wordpress\/wp-content\/uploads\/2022\/03\/en-pleine-mer.png 670w\" sizes=\"auto, (max-width: 291px) 100vw, 291px\" \/><\/div><\/a>\n\t\t\t\t<div class=\"elementor-post__text\">\n\t\t\t\t<h3 class=\"elementor-post__title\">\n\t\t\t<a href=\"https:\/\/mdormond.eleves.mediamatique.ch\/wp-cie4-site1\/wordpress\/en-pleine-mer\/\" >\n\t\t\t\tEn pleine mer\t\t\t<\/a>\n\t\t<\/h3>\n\t\t\t\t\t<a class=\"elementor-post__read-more\" href=\"https:\/\/mdormond.eleves.mediamatique.ch\/wp-cie4-site1\/wordpress\/en-pleine-mer\/\" >\n\t\t\t\tEn savoir plus \u00bb\t\t\t<\/a>\n\t\t\t\t<\/div>\n\t\t\t\t\t<\/div>\n\t\t<\/article>\n\t\t\t\t<article class=\"elementor-post elementor-grid-item post-299 post type-post status-publish format-standard has-post-thumbnail hentry category-creations\">\n\t\t\t<div class=\"elementor-post__card\">\n\t\t\t\t<a class=\"elementor-post__thumbnail__link\" href=\"https:\/\/mdormond.eleves.mediamatique.ch\/wp-cie4-site1\/wordpress\/tiquetonne\/\" ><div class=\"elementor-post__thumbnail\"><img loading=\"lazy\" decoding=\"async\" width=\"225\" height=\"300\" src=\"https:\/\/mdormond.eleves.mediamatique.ch\/wp-cie4-site1\/wordpress\/wp-content\/uploads\/2022\/03\/PA071306-225x300.jpeg\" class=\"attachment-medium size-medium\" alt=\"Une com\u00e9dienne porte une chapka\" srcset=\"https:\/\/mdormond.eleves.mediamatique.ch\/wp-cie4-site1\/wordpress\/wp-content\/uploads\/2022\/03\/PA071306-225x300.jpeg 225w, https:\/\/mdormond.eleves.mediamatique.ch\/wp-cie4-site1\/wordpress\/wp-content\/uploads\/2022\/03\/PA071306-768x1024.jpeg 768w, https:\/\/mdormond.eleves.mediamatique.ch\/wp-cie4-site1\/wordpress\/wp-content\/uploads\/2022\/03\/PA071306-1152x1536.jpeg 1152w, https:\/\/mdormond.eleves.mediamatique.ch\/wp-cie4-site1\/wordpress\/wp-content\/uploads\/2022\/03\/PA071306-1536x2048.jpeg 1536w, https:\/\/mdormond.eleves.mediamatique.ch\/wp-cie4-site1\/wordpress\/wp-content\/uploads\/2022\/03\/PA071306-scaled.jpeg 1920w\" sizes=\"auto, (max-width: 225px) 100vw, 225px\" \/><\/div><\/a>\n\t\t\t\t<div class=\"elementor-post__text\">\n\t\t\t\t<h3 class=\"elementor-post__title\">\n\t\t\t<a href=\"https:\/\/mdormond.eleves.mediamatique.ch\/wp-cie4-site1\/wordpress\/tiquetonne\/\" >\n\t\t\t\tTiquetonne\t\t\t<\/a>\n\t\t<\/h3>\n\t\t\t\t\t<a class=\"elementor-post__read-more\" href=\"https:\/\/mdormond.eleves.mediamatique.ch\/wp-cie4-site1\/wordpress\/tiquetonne\/\" >\n\t\t\t\tEn savoir plus \u00bb\t\t\t<\/a>\n\t\t\t\t<\/div>\n\t\t\t\t\t<\/div>\n\t\t<\/article>\n\t\t\t\t<article class=\"elementor-post elementor-grid-item post-293 post type-post status-publish format-standard has-post-thumbnail hentry category-creations\">\n\t\t\t<div class=\"elementor-post__card\">\n\t\t\t\t<a class=\"elementor-post__thumbnail__link\" href=\"https:\/\/mdormond.eleves.mediamatique.ch\/wp-cie4-site1\/wordpress\/ceci-nest-pas-une-saucisse\/\" ><div class=\"elementor-post__thumbnail\"><img loading=\"lazy\" decoding=\"async\" width=\"300\" height=\"225\" src=\"https:\/\/mdormond.eleves.mediamatique.ch\/wp-cie4-site1\/wordpress\/wp-content\/uploads\/2022\/03\/PA041262-300x225.jpeg\" class=\"attachment-medium size-medium\" alt=\"Un com\u00e9dien d\u00e9guis\u00e9 en saucisse fait du tambourin sur sc\u00e8ne\" srcset=\"https:\/\/mdormond.eleves.mediamatique.ch\/wp-cie4-site1\/wordpress\/wp-content\/uploads\/2022\/03\/PA041262-300x225.jpeg 300w, https:\/\/mdormond.eleves.mediamatique.ch\/wp-cie4-site1\/wordpress\/wp-content\/uploads\/2022\/03\/PA041262-1024x768.jpeg 1024w, https:\/\/mdormond.eleves.mediamatique.ch\/wp-cie4-site1\/wordpress\/wp-content\/uploads\/2022\/03\/PA041262-768x576.jpeg 768w, https:\/\/mdormond.eleves.mediamatique.ch\/wp-cie4-site1\/wordpress\/wp-content\/uploads\/2022\/03\/PA041262-1536x1152.jpeg 1536w, https:\/\/mdormond.eleves.mediamatique.ch\/wp-cie4-site1\/wordpress\/wp-content\/uploads\/2022\/03\/PA041262-2048x1536.jpeg 2048w\" sizes=\"auto, (max-width: 300px) 100vw, 300px\" \/><\/div><\/a>\n\t\t\t\t<div class=\"elementor-post__text\">\n\t\t\t\t<h3 class=\"elementor-post__title\">\n\t\t\t<a href=\"https:\/\/mdormond.eleves.mediamatique.ch\/wp-cie4-site1\/wordpress\/ceci-nest-pas-une-saucisse\/\" >\n\t\t\t\tCeci n&rsquo;est pas une saucisse\t\t\t<\/a>\n\t\t<\/h3>\n\t\t\t\t\t<a class=\"elementor-post__read-more\" href=\"https:\/\/mdormond.eleves.mediamatique.ch\/wp-cie4-site1\/wordpress\/ceci-nest-pas-une-saucisse\/\" >\n\t\t\t\tEn savoir plus \u00bb\t\t\t<\/a>\n\t\t\t\t<\/div>\n\t\t\t\t\t<\/div>\n\t\t<\/article>\n\t\t\t\t<\/div>\n\n\n\t\t\n\t\t\t\t<\/div>\n\t\t\t\t<\/div>\n\t\t\t\t\t<\/div>\n\t\t<\/div>\n\t\t\t\t\t\t\t<\/div>\n\t\t<\/section>\n\t\t\t\t\t\t\t<\/div>\n\t\t","protected":false},"excerpt":{"rendered":"<p>Cr\u00e9ations<\/p>\n","protected":false},"author":1,"featured_media":0,"parent":0,"menu_order":0,"comment_status":"closed","ping_status":"closed","template":"","meta":{"footnotes":""},"class_list":["post-105","page","type-page","status-publish","hentry"],"yoast_head":"<!-- This site is optimized with the Yoast SEO plugin v27.5 - https:\/\/yoast.com\/product\/yoast-seo-wordpress\/ -->\n<title>Le saut du tremplin - Cr\u00e9ations - Le saut du tremplin<\/title>\n<meta name=\"robots\" content=\"index, follow, max-snippet:-1, max-image-preview:large, max-video-preview:-1\" \/>\n<link rel=\"canonical\" href=\"https:\/\/mdormond.eleves.mediamatique.ch\/wp-cie4-site1\/wordpress\/creations\/\" \/>\n<meta property=\"og:locale\" content=\"fr_FR\" \/>\n<meta property=\"og:type\" content=\"article\" \/>\n<meta property=\"og:title\" content=\"Le saut du tremplin - Cr\u00e9ations - Le saut du tremplin\" \/>\n<meta property=\"og:description\" content=\"Cr\u00e9ations\" \/>\n<meta property=\"og:url\" content=\"https:\/\/mdormond.eleves.mediamatique.ch\/wp-cie4-site1\/wordpress\/creations\/\" \/>\n<meta property=\"og:site_name\" content=\"Le saut du tremplin\" \/>\n<meta property=\"article:modified_time\" content=\"2022-03-17T10:36:06+00:00\" \/>\n<meta name=\"twitter:card\" content=\"summary_large_image\" \/>\n<meta name=\"twitter:label1\" content=\"Dur\u00e9e de lecture estim\u00e9e\" \/>\n\t<meta name=\"twitter:data1\" content=\"2 minutes\" \/>\n<script type=\"application\/ld+json\" class=\"yoast-schema-graph\">{\"@context\":\"https:\\\/\\\/schema.org\",\"@graph\":[{\"@type\":\"WebPage\",\"@id\":\"https:\\\/\\\/mdormond.eleves.mediamatique.ch\\\/wp-cie4-site1\\\/wordpress\\\/creations\\\/\",\"url\":\"https:\\\/\\\/mdormond.eleves.mediamatique.ch\\\/wp-cie4-site1\\\/wordpress\\\/creations\\\/\",\"name\":\"Le saut du tremplin - Cr\u00e9ations - Le saut du tremplin\",\"isPartOf\":{\"@id\":\"https:\\\/\\\/mdormond.eleves.mediamatique.ch\\\/wp-cie4-site1\\\/wordpress\\\/#website\"},\"datePublished\":\"2022-03-15T07:32:25+00:00\",\"dateModified\":\"2022-03-17T10:36:06+00:00\",\"breadcrumb\":{\"@id\":\"https:\\\/\\\/mdormond.eleves.mediamatique.ch\\\/wp-cie4-site1\\\/wordpress\\\/creations\\\/#breadcrumb\"},\"inLanguage\":\"fr-FR\",\"potentialAction\":[{\"@type\":\"ReadAction\",\"target\":[\"https:\\\/\\\/mdormond.eleves.mediamatique.ch\\\/wp-cie4-site1\\\/wordpress\\\/creations\\\/\"]}]},{\"@type\":\"BreadcrumbList\",\"@id\":\"https:\\\/\\\/mdormond.eleves.mediamatique.ch\\\/wp-cie4-site1\\\/wordpress\\\/creations\\\/#breadcrumb\",\"itemListElement\":[{\"@type\":\"ListItem\",\"position\":1,\"name\":\"Accueil\",\"item\":\"https:\\\/\\\/mdormond.eleves.mediamatique.ch\\\/wp-cie4-site1\\\/wordpress\\\/\"},{\"@type\":\"ListItem\",\"position\":2,\"name\":\"Le saut du tremplin &#8211; Cr\u00e9ations\"}]},{\"@type\":\"WebSite\",\"@id\":\"https:\\\/\\\/mdormond.eleves.mediamatique.ch\\\/wp-cie4-site1\\\/wordpress\\\/#website\",\"url\":\"https:\\\/\\\/mdormond.eleves.mediamatique.ch\\\/wp-cie4-site1\\\/wordpress\\\/\",\"name\":\"Le saut du tremplin\",\"description\":\"Une compagnie de th\u00e9\u00e2tre diff\u00e9rente\",\"publisher\":{\"@id\":\"https:\\\/\\\/mdormond.eleves.mediamatique.ch\\\/wp-cie4-site1\\\/wordpress\\\/#organization\"},\"potentialAction\":[{\"@type\":\"SearchAction\",\"target\":{\"@type\":\"EntryPoint\",\"urlTemplate\":\"https:\\\/\\\/mdormond.eleves.mediamatique.ch\\\/wp-cie4-site1\\\/wordpress\\\/?s={search_term_string}\"},\"query-input\":{\"@type\":\"PropertyValueSpecification\",\"valueRequired\":true,\"valueName\":\"search_term_string\"}}],\"inLanguage\":\"fr-FR\"},{\"@type\":\"Organization\",\"@id\":\"https:\\\/\\\/mdormond.eleves.mediamatique.ch\\\/wp-cie4-site1\\\/wordpress\\\/#organization\",\"name\":\"Le saut du tremplin\",\"url\":\"https:\\\/\\\/mdormond.eleves.mediamatique.ch\\\/wp-cie4-site1\\\/wordpress\\\/\",\"logo\":{\"@type\":\"ImageObject\",\"inLanguage\":\"fr-FR\",\"@id\":\"https:\\\/\\\/mdormond.eleves.mediamatique.ch\\\/wp-cie4-site1\\\/wordpress\\\/#\\\/schema\\\/logo\\\/image\\\/\",\"url\":\"https:\\\/\\\/mdormond.eleves.mediamatique.ch\\\/wp-cie4-site1\\\/wordpress\\\/wp-content\\\/uploads\\\/2022\\\/03\\\/Logo_New_V3.png\",\"contentUrl\":\"https:\\\/\\\/mdormond.eleves.mediamatique.ch\\\/wp-cie4-site1\\\/wordpress\\\/wp-content\\\/uploads\\\/2022\\\/03\\\/Logo_New_V3.png\",\"width\":517,\"height\":121,\"caption\":\"Le saut du tremplin\"},\"image\":{\"@id\":\"https:\\\/\\\/mdormond.eleves.mediamatique.ch\\\/wp-cie4-site1\\\/wordpress\\\/#\\\/schema\\\/logo\\\/image\\\/\"}}]}<\/script>\n<!-- \/ Yoast SEO plugin. -->","yoast_head_json":{"title":"Le saut du tremplin - Cr\u00e9ations - Le saut du tremplin","robots":{"index":"index","follow":"follow","max-snippet":"max-snippet:-1","max-image-preview":"max-image-preview:large","max-video-preview":"max-video-preview:-1"},"canonical":"https:\/\/mdormond.eleves.mediamatique.ch\/wp-cie4-site1\/wordpress\/creations\/","og_locale":"fr_FR","og_type":"article","og_title":"Le saut du tremplin - Cr\u00e9ations - Le saut du tremplin","og_description":"Cr\u00e9ations","og_url":"https:\/\/mdormond.eleves.mediamatique.ch\/wp-cie4-site1\/wordpress\/creations\/","og_site_name":"Le saut du tremplin","article_modified_time":"2022-03-17T10:36:06+00:00","twitter_card":"summary_large_image","twitter_misc":{"Dur\u00e9e de lecture estim\u00e9e":"2 minutes"},"schema":{"@context":"https:\/\/schema.org","@graph":[{"@type":"WebPage","@id":"https:\/\/mdormond.eleves.mediamatique.ch\/wp-cie4-site1\/wordpress\/creations\/","url":"https:\/\/mdormond.eleves.mediamatique.ch\/wp-cie4-site1\/wordpress\/creations\/","name":"Le saut du tremplin - Cr\u00e9ations - Le saut du tremplin","isPartOf":{"@id":"https:\/\/mdormond.eleves.mediamatique.ch\/wp-cie4-site1\/wordpress\/#website"},"datePublished":"2022-03-15T07:32:25+00:00","dateModified":"2022-03-17T10:36:06+00:00","breadcrumb":{"@id":"https:\/\/mdormond.eleves.mediamatique.ch\/wp-cie4-site1\/wordpress\/creations\/#breadcrumb"},"inLanguage":"fr-FR","potentialAction":[{"@type":"ReadAction","target":["https:\/\/mdormond.eleves.mediamatique.ch\/wp-cie4-site1\/wordpress\/creations\/"]}]},{"@type":"BreadcrumbList","@id":"https:\/\/mdormond.eleves.mediamatique.ch\/wp-cie4-site1\/wordpress\/creations\/#breadcrumb","itemListElement":[{"@type":"ListItem","position":1,"name":"Accueil","item":"https:\/\/mdormond.eleves.mediamatique.ch\/wp-cie4-site1\/wordpress\/"},{"@type":"ListItem","position":2,"name":"Le saut du tremplin &#8211; Cr\u00e9ations"}]},{"@type":"WebSite","@id":"https:\/\/mdormond.eleves.mediamatique.ch\/wp-cie4-site1\/wordpress\/#website","url":"https:\/\/mdormond.eleves.mediamatique.ch\/wp-cie4-site1\/wordpress\/","name":"Le saut du tremplin","description":"Une compagnie de th\u00e9\u00e2tre diff\u00e9rente","publisher":{"@id":"https:\/\/mdormond.eleves.mediamatique.ch\/wp-cie4-site1\/wordpress\/#organization"},"potentialAction":[{"@type":"SearchAction","target":{"@type":"EntryPoint","urlTemplate":"https:\/\/mdormond.eleves.mediamatique.ch\/wp-cie4-site1\/wordpress\/?s={search_term_string}"},"query-input":{"@type":"PropertyValueSpecification","valueRequired":true,"valueName":"search_term_string"}}],"inLanguage":"fr-FR"},{"@type":"Organization","@id":"https:\/\/mdormond.eleves.mediamatique.ch\/wp-cie4-site1\/wordpress\/#organization","name":"Le saut du tremplin","url":"https:\/\/mdormond.eleves.mediamatique.ch\/wp-cie4-site1\/wordpress\/","logo":{"@type":"ImageObject","inLanguage":"fr-FR","@id":"https:\/\/mdormond.eleves.mediamatique.ch\/wp-cie4-site1\/wordpress\/#\/schema\/logo\/image\/","url":"https:\/\/mdormond.eleves.mediamatique.ch\/wp-cie4-site1\/wordpress\/wp-content\/uploads\/2022\/03\/Logo_New_V3.png","contentUrl":"https:\/\/mdormond.eleves.mediamatique.ch\/wp-cie4-site1\/wordpress\/wp-content\/uploads\/2022\/03\/Logo_New_V3.png","width":517,"height":121,"caption":"Le saut du tremplin"},"image":{"@id":"https:\/\/mdormond.eleves.mediamatique.ch\/wp-cie4-site1\/wordpress\/#\/schema\/logo\/image\/"}}]}},"_links":{"self":[{"href":"https:\/\/mdormond.eleves.mediamatique.ch\/wp-cie4-site1\/wordpress\/wp-json\/wp\/v2\/pages\/105","targetHints":{"allow":["GET"]}}],"collection":[{"href":"https:\/\/mdormond.eleves.mediamatique.ch\/wp-cie4-site1\/wordpress\/wp-json\/wp\/v2\/pages"}],"about":[{"href":"https:\/\/mdormond.eleves.mediamatique.ch\/wp-cie4-site1\/wordpress\/wp-json\/wp\/v2\/types\/page"}],"author":[{"embeddable":true,"href":"https:\/\/mdormond.eleves.mediamatique.ch\/wp-cie4-site1\/wordpress\/wp-json\/wp\/v2\/users\/1"}],"replies":[{"embeddable":true,"href":"https:\/\/mdormond.eleves.mediamatique.ch\/wp-cie4-site1\/wordpress\/wp-json\/wp\/v2\/comments?post=105"}],"version-history":[{"count":47,"href":"https:\/\/mdormond.eleves.mediamatique.ch\/wp-cie4-site1\/wordpress\/wp-json\/wp\/v2\/pages\/105\/revisions"}],"predecessor-version":[{"id":1207,"href":"https:\/\/mdormond.eleves.mediamatique.ch\/wp-cie4-site1\/wordpress\/wp-json\/wp\/v2\/pages\/105\/revisions\/1207"}],"wp:attachment":[{"href":"https:\/\/mdormond.eleves.mediamatique.ch\/wp-cie4-site1\/wordpress\/wp-json\/wp\/v2\/media?parent=105"}],"curies":[{"name":"wp","href":"https:\/\/api.w.org\/{rel}","templated":true}]}}