{"id":114,"date":"2022-03-15T07:34:22","date_gmt":"2022-03-15T07:34:22","guid":{"rendered":"http:\/\/mdormond.eleves.mediamatique.ch\/wp-cie4-site1\/wordpress\/?page_id=114"},"modified":"2022-03-17T10:30:41","modified_gmt":"2022-03-17T10:30:41","slug":"le-saut-du-tremplin-photographie","status":"publish","type":"page","link":"https:\/\/mdormond.eleves.mediamatique.ch\/wp-cie4-site1\/wordpress\/le-saut-du-tremplin-photographie\/","title":{"rendered":"Le saut du tremplin &#8211; Photographie"},"content":{"rendered":"\t\t<div data-elementor-type=\"wp-page\" data-elementor-id=\"114\" class=\"elementor elementor-114\">\n\t\t\t\t\t\t\t\t\t<section class=\"elementor-section elementor-top-section elementor-element elementor-element-58757300 elementor-section-full_width elementor-section-height-min-height elementor-section-height-default elementor-section-items-middle\" data-id=\"58757300\" data-element_type=\"section\" data-settings=\"{&quot;jet_parallax_layout_list&quot;:[],&quot;background_background&quot;:&quot;classic&quot;}\">\n\t\t\t\t\t\t<div class=\"elementor-container elementor-column-gap-default\">\n\t\t\t\t\t<div class=\"elementor-column elementor-col-100 elementor-top-column elementor-element elementor-element-2ba57177\" data-id=\"2ba57177\" data-element_type=\"column\">\n\t\t\t<div class=\"elementor-widget-wrap elementor-element-populated\">\n\t\t\t\t\t\t\t\t<div class=\"elementor-element elementor-element-25a6bbeb elementor-widget elementor-widget-heading\" data-id=\"25a6bbeb\" data-element_type=\"widget\" data-widget_type=\"heading.default\">\n\t\t\t\t<div class=\"elementor-widget-container\">\n\t\t\t<style>\/*! elementor - v3.6.6 - 08-06-2022 *\/\n.elementor-heading-title{padding:0;margin:0;line-height:1}.elementor-widget-heading .elementor-heading-title[class*=elementor-size-]>a{color:inherit;font-size:inherit;line-height:inherit}.elementor-widget-heading .elementor-heading-title.elementor-size-small{font-size:15px}.elementor-widget-heading .elementor-heading-title.elementor-size-medium{font-size:19px}.elementor-widget-heading .elementor-heading-title.elementor-size-large{font-size:29px}.elementor-widget-heading .elementor-heading-title.elementor-size-xl{font-size:39px}.elementor-widget-heading .elementor-heading-title.elementor-size-xxl{font-size:59px}<\/style><h1 class=\"elementor-heading-title elementor-size-default\">Photographie<\/h1>\t\t<\/div>\n\t\t\t\t<\/div>\n\t\t\t\t\t<\/div>\n\t\t<\/div>\n\t\t\t\t\t\t\t<\/div>\n\t\t<\/section>\n\t\t\t\t<section class=\"elementor-section elementor-top-section elementor-element elementor-element-67ded45 elementor-section-height-min-height elementor-section-boxed elementor-section-height-default elementor-section-items-middle\" data-id=\"67ded45\" data-element_type=\"section\" data-settings=\"{&quot;jet_parallax_layout_list&quot;:[],&quot;background_background&quot;:&quot;gradient&quot;}\">\n\t\t\t\t\t\t<div class=\"elementor-container elementor-column-gap-default\">\n\t\t\t\t\t<div class=\"elementor-column elementor-col-100 elementor-top-column elementor-element elementor-element-6802fe1\" data-id=\"6802fe1\" data-element_type=\"column\">\n\t\t\t<div class=\"elementor-widget-wrap\">\n\t\t\t\t\t\t\t\t\t<\/div>\n\t\t<\/div>\n\t\t\t\t\t\t\t<\/div>\n\t\t<\/section>\n\t\t\t\t<section class=\"elementor-section elementor-top-section elementor-element elementor-element-d5967a9 elementor-section-full_width elementor-section-height-default elementor-section-height-default\" data-id=\"d5967a9\" data-element_type=\"section\" data-settings=\"{&quot;jet_parallax_layout_list&quot;:[]}\">\n\t\t\t\t\t\t<div class=\"elementor-container elementor-column-gap-default\">\n\t\t\t\t\t<div class=\"elementor-column elementor-col-100 elementor-top-column elementor-element elementor-element-3fc1184\" data-id=\"3fc1184\" data-element_type=\"column\">\n\t\t\t<div class=\"elementor-widget-wrap elementor-element-populated\">\n\t\t\t\t\t\t\t\t<div class=\"elementor-element elementor-element-1815afe elementor-widget elementor-widget-jet-images-layout\" data-id=\"1815afe\" data-element_type=\"widget\" data-settings=\"{&quot;columns&quot;:&quot;3&quot;,&quot;columns_mobile&quot;:&quot;1&quot;,&quot;columns_tablet&quot;:&quot;2&quot;}\" data-widget_type=\"jet-images-layout.default\">\n\t\t\t\t<div class=\"elementor-widget-container\">\n\t\t\t<div class=\"elementor-jet-images-layout jet-elements\">\n<div class=\"jet-images-layout layout-type-grid\" data-settings='{\"layoutType\":\"grid\",\"justifyHeight\":300}'>\n\t<div class=\"jet-images-layout__list col-row disable-cols-gap disable-rows-gap column-desktop-3 column-tablet-2 column-mobile-1\" >\n<div class=\"jet-images-layout__item col-desk-3 col-tab-2 col-mob-1\">\n\t<div class=\"jet-images-layout__inner\">\n\t\t<div class=\"jet-images-layout__image-loader\"><span><\/span><\/div>\n\t\t<a class=\"jet-images-layout__link \" href=\"http:\/\/mdormond.eleves.mediamatique.ch\/wp-cie4-site1\/wordpress\/wp-content\/uploads\/2022\/03\/PA071362-scaled.jpeg\" data-elementor-open-lightbox=\"yes\" data-elementor-lightbox-slideshow=\"1815afe\">\n\t\t\t<div class=\"jet-images-layout__image\">\n\t\t\t\t<img decoding=\"async\" class=\"jet-images-layout__image-instance\" src=\"https:\/\/mdormond.eleves.mediamatique.ch\/wp-cie4-site1\/wordpress\/wp-content\/uploads\/2022\/03\/PA071362-scaled.jpeg\" alt=\"Une com\u00e9dienne mange du pop-corn\" loading=\"lazy\">\t\t\t<\/div>\n\t\t\t<div class=\"jet-images-layout__content\"><h5 class=\"jet-images-layout__title\">TIQUETONNE<\/h5><\/div>\n\t\t<\/a>\n\t<\/div>\n<\/div>\n<div class=\"jet-images-layout__item col-desk-3 col-tab-2 col-mob-1\">\n\t<div class=\"jet-images-layout__inner\">\n\t\t<div class=\"jet-images-layout__image-loader\"><span><\/span><\/div>\n\t\t<a class=\"jet-images-layout__link \" href=\"http:\/\/mdormond.eleves.mediamatique.ch\/wp-cie4-site1\/wordpress\/wp-content\/uploads\/2022\/03\/DSC09079-scaled.jpg\" data-elementor-open-lightbox=\"yes\" data-elementor-lightbox-slideshow=\"1815afe\">\n\t\t\t<div class=\"jet-images-layout__image\">\n\t\t\t\t<img decoding=\"async\" class=\"jet-images-layout__image-instance\" src=\"https:\/\/mdormond.eleves.mediamatique.ch\/wp-cie4-site1\/wordpress\/wp-content\/uploads\/2022\/03\/DSC09079-scaled.jpg\" alt=\"Deux com\u00e9diennes se donnent la r\u00e9plique pendant qu&#039;un troisi\u00e8mes \u00e9coutes\" loading=\"lazy\">\t\t\t<\/div>\n\t\t\t<div class=\"jet-images-layout__content\"><h5 class=\"jet-images-layout__title\">LES DEUX SOEURS<\/h5><\/div>\n\t\t<\/a>\n\t<\/div>\n<\/div>\n<div class=\"jet-images-layout__item col-desk-3 col-tab-2 col-mob-1\">\n\t<div class=\"jet-images-layout__inner\">\n\t\t<div class=\"jet-images-layout__image-loader\"><span><\/span><\/div>\n\t\t<a class=\"jet-images-layout__link \" href=\"http:\/\/mdormond.eleves.mediamatique.ch\/wp-cie4-site1\/wordpress\/wp-content\/uploads\/2022\/03\/PA041224-scaled.jpeg\" data-elementor-open-lightbox=\"yes\" data-elementor-lightbox-slideshow=\"1815afe\">\n\t\t\t<div class=\"jet-images-layout__image\">\n\t\t\t\t<img decoding=\"async\" class=\"jet-images-layout__image-instance\" src=\"https:\/\/mdormond.eleves.mediamatique.ch\/wp-cie4-site1\/wordpress\/wp-content\/uploads\/2022\/03\/PA041224-scaled.jpeg\" alt=\"Deux com\u00e9diens tiennent une feuille de papier\" loading=\"lazy\">\t\t\t<\/div>\n\t\t\t<div class=\"jet-images-layout__content\"><h5 class=\"jet-images-layout__title\">CECI N'EST PAS UNE SAUCISSE<\/h5><\/div>\n\t\t<\/a>\n\t<\/div>\n<\/div>\n<div class=\"jet-images-layout__item col-desk-3 col-tab-2 col-mob-1\">\n\t<div class=\"jet-images-layout__inner\">\n\t\t<div class=\"jet-images-layout__image-loader\"><span><\/span><\/div>\n\t\t<a class=\"jet-images-layout__link \" href=\"http:\/\/mdormond.eleves.mediamatique.ch\/wp-cie4-site1\/wordpress\/wp-content\/uploads\/2022\/03\/20200204-Piece-de-theatre-une-nuit-a-Quaraqosh-2403-scaled.jpg\" data-elementor-open-lightbox=\"yes\" data-elementor-lightbox-slideshow=\"1815afe\">\n\t\t\t<div class=\"jet-images-layout__image\">\n\t\t\t\t<img decoding=\"async\" class=\"jet-images-layout__image-instance\" src=\"https:\/\/mdormond.eleves.mediamatique.ch\/wp-cie4-site1\/wordpress\/wp-content\/uploads\/2022\/03\/20200204-Piece-de-theatre-une-nuit-a-Quaraqosh-2403-scaled.jpg\" alt=\"Un homme en turban r\u00e9cite un monologue\" loading=\"lazy\">\t\t\t<\/div>\n\t\t\t<div class=\"jet-images-layout__content\"><h5 class=\"jet-images-layout__title\">LA NUIT DE QARAQOSH<\/h5><\/div>\n\t\t<\/a>\n\t<\/div>\n<\/div>\n<div class=\"jet-images-layout__item col-desk-3 col-tab-2 col-mob-1\">\n\t<div class=\"jet-images-layout__inner\">\n\t\t<div class=\"jet-images-layout__image-loader\"><span><\/span><\/div>\n\t\t<a class=\"jet-images-layout__link \" href=\"http:\/\/mdormond.eleves.mediamatique.ch\/wp-cie4-site1\/wordpress\/wp-content\/uploads\/2022\/03\/PA071407-scaled.jpeg\" data-elementor-open-lightbox=\"yes\" data-elementor-lightbox-slideshow=\"1815afe\">\n\t\t\t<div class=\"jet-images-layout__image\">\n\t\t\t\t<img decoding=\"async\" class=\"jet-images-layout__image-instance\" src=\"https:\/\/mdormond.eleves.mediamatique.ch\/wp-cie4-site1\/wordpress\/wp-content\/uploads\/2022\/03\/PA071407-scaled.jpeg\" alt=\"Une com\u00e9dienne se prend pour une pilote d&#039;avion.\" loading=\"lazy\">\t\t\t<\/div>\n\t\t\t<div class=\"jet-images-layout__content\"><h5 class=\"jet-images-layout__title\">TIQUETONNE<\/h5><\/div>\n\t\t<\/a>\n\t<\/div>\n<\/div>\n<div class=\"jet-images-layout__item col-desk-3 col-tab-2 col-mob-1\">\n\t<div class=\"jet-images-layout__inner\">\n\t\t<div class=\"jet-images-layout__image-loader\"><span><\/span><\/div>\n\t\t<a class=\"jet-images-layout__link \" href=\"http:\/\/mdormond.eleves.mediamatique.ch\/wp-cie4-site1\/wordpress\/wp-content\/uploads\/2022\/03\/DSC09188-scaled.jpg\" data-elementor-open-lightbox=\"yes\" data-elementor-lightbox-slideshow=\"1815afe\">\n\t\t\t<div class=\"jet-images-layout__image\">\n\t\t\t\t<img decoding=\"async\" class=\"jet-images-layout__image-instance\" src=\"https:\/\/mdormond.eleves.mediamatique.ch\/wp-cie4-site1\/wordpress\/wp-content\/uploads\/2022\/03\/DSC09188-scaled.jpg\" alt=\"Deux com\u00e9diennes se donnent la r\u00e9plique\" loading=\"lazy\">\t\t\t<\/div>\n\t\t\t<div class=\"jet-images-layout__content\"><h5 class=\"jet-images-layout__title\">LES DEUX SOEURS<\/h5><\/div>\n\t\t<\/a>\n\t<\/div>\n<\/div>\n<div class=\"jet-images-layout__item col-desk-3 col-tab-2 col-mob-1\">\n\t<div class=\"jet-images-layout__inner\">\n\t\t<div class=\"jet-images-layout__image-loader\"><span><\/span><\/div>\n\t\t<a class=\"jet-images-layout__link \" href=\"http:\/\/mdormond.eleves.mediamatique.ch\/wp-cie4-site1\/wordpress\/wp-content\/uploads\/2022\/03\/PA041080-scaled.jpeg\" data-elementor-open-lightbox=\"yes\" data-elementor-lightbox-slideshow=\"1815afe\">\n\t\t\t<div class=\"jet-images-layout__image\">\n\t\t\t\t<img decoding=\"async\" class=\"jet-images-layout__image-instance\" src=\"https:\/\/mdormond.eleves.mediamatique.ch\/wp-cie4-site1\/wordpress\/wp-content\/uploads\/2022\/03\/PA041080-scaled.jpeg\" alt=\"Un costume de saucisse jaune \u00e9ventr\u00e9e sur une sc\u00e8ne de th\u00e9\u00e2tre\" loading=\"lazy\">\t\t\t<\/div>\n\t\t\t<div class=\"jet-images-layout__content\"><h5 class=\"jet-images-layout__title\">CECI N'EST PAS UNE SAUCISSE<\/h5><\/div>\n\t\t<\/a>\n\t<\/div>\n<\/div>\n<div class=\"jet-images-layout__item col-desk-3 col-tab-2 col-mob-1\">\n\t<div class=\"jet-images-layout__inner\">\n\t\t<div class=\"jet-images-layout__image-loader\"><span><\/span><\/div>\n\t\t<a class=\"jet-images-layout__link \" href=\"http:\/\/mdormond.eleves.mediamatique.ch\/wp-cie4-site1\/wordpress\/wp-content\/uploads\/2022\/03\/20200204-Piece-de-theatre-une-nuit-a-Quaraqosh-2350-scaled.jpg\" data-elementor-open-lightbox=\"yes\" data-elementor-lightbox-slideshow=\"1815afe\">\n\t\t\t<div class=\"jet-images-layout__image\">\n\t\t\t\t<img decoding=\"async\" class=\"jet-images-layout__image-instance\" src=\"https:\/\/mdormond.eleves.mediamatique.ch\/wp-cie4-site1\/wordpress\/wp-content\/uploads\/2022\/03\/20200204-Piece-de-theatre-une-nuit-a-Quaraqosh-2350-scaled.jpg\" alt=\"Un couple \u00e0 genou sur une couverture semble discuter du futur\" loading=\"lazy\">\t\t\t<\/div>\n\t\t\t<div class=\"jet-images-layout__content\"><h5 class=\"jet-images-layout__title\">LA NUIT DE QARAQOSH<\/h5><\/div>\n\t\t<\/a>\n\t<\/div>\n<\/div>\n<div class=\"jet-images-layout__item col-desk-3 col-tab-2 col-mob-1\">\n\t<div class=\"jet-images-layout__inner\">\n\t\t<div class=\"jet-images-layout__image-loader\"><span><\/span><\/div>\n\t\t<a class=\"jet-images-layout__link \" href=\"http:\/\/mdormond.eleves.mediamatique.ch\/wp-cie4-site1\/wordpress\/wp-content\/uploads\/2022\/03\/PA071484-scaled.jpeg\" data-elementor-open-lightbox=\"yes\" data-elementor-lightbox-slideshow=\"1815afe\">\n\t\t\t<div class=\"jet-images-layout__image\">\n\t\t\t\t<img decoding=\"async\" class=\"jet-images-layout__image-instance\" src=\"https:\/\/mdormond.eleves.mediamatique.ch\/wp-cie4-site1\/wordpress\/wp-content\/uploads\/2022\/03\/PA071484-scaled.jpeg\" alt=\"Une com\u00e9dienne est choqu\u00e9e par la nouvelle qu&#039;elle re\u00e7oit au t\u00e9l\u00e9phone.\" loading=\"lazy\">\t\t\t<\/div>\n\t\t\t<div class=\"jet-images-layout__content\"><h5 class=\"jet-images-layout__title\">TIQUETONNE<\/h5><\/div>\n\t\t<\/a>\n\t<\/div>\n<\/div>\n<\/div><\/div>\n<\/div>\t\t<\/div>\n\t\t\t\t<\/div>\n\t\t\t\t\t<\/div>\n\t\t<\/div>\n\t\t\t\t\t\t\t<\/div>\n\t\t<\/section>\n\t\t\t\t\t\t\t<\/div>\n\t\t","protected":false},"excerpt":{"rendered":"<p>Photographie TIQUETONNE LES DEUX SOEURS CECI N&rsquo;EST PAS UNE SAUCISSE LA NUIT DE QARAQOSH TIQUETONNE LES DEUX SOEURS CECI N&rsquo;EST PAS UNE SAUCISSE LA NUIT DE QARAQOSH TIQUETONNE<\/p>\n","protected":false},"author":1,"featured_media":0,"parent":0,"menu_order":0,"comment_status":"closed","ping_status":"closed","template":"","meta":{"footnotes":""},"class_list":["post-114","page","type-page","status-publish","hentry"],"yoast_head":"<!-- This site is optimized with the Yoast SEO plugin v27.5 - https:\/\/yoast.com\/product\/yoast-seo-wordpress\/ -->\n<title>Le saut du tremplin - Photographie - Le saut du tremplin<\/title>\n<meta name=\"robots\" content=\"index, follow, max-snippet:-1, max-image-preview:large, max-video-preview:-1\" \/>\n<link rel=\"canonical\" href=\"https:\/\/mdormond.eleves.mediamatique.ch\/wp-cie4-site1\/wordpress\/le-saut-du-tremplin-photographie\/\" \/>\n<meta property=\"og:locale\" content=\"fr_FR\" \/>\n<meta property=\"og:type\" content=\"article\" \/>\n<meta property=\"og:title\" content=\"Le saut du tremplin - Photographie - Le saut du tremplin\" \/>\n<meta property=\"og:description\" content=\"Photographie TIQUETONNE LES DEUX SOEURS CECI N&rsquo;EST PAS UNE SAUCISSE LA NUIT DE QARAQOSH TIQUETONNE LES DEUX SOEURS CECI N&rsquo;EST PAS UNE SAUCISSE LA NUIT DE QARAQOSH TIQUETONNE\" \/>\n<meta property=\"og:url\" content=\"https:\/\/mdormond.eleves.mediamatique.ch\/wp-cie4-site1\/wordpress\/le-saut-du-tremplin-photographie\/\" \/>\n<meta property=\"og:site_name\" content=\"Le saut du tremplin\" \/>\n<meta property=\"article:modified_time\" content=\"2022-03-17T10:30:41+00:00\" \/>\n<meta property=\"og:image\" content=\"http:\/\/mdormond.eleves.mediamatique.ch\/wp-cie4-site1\/wordpress\/wp-content\/uploads\/2022\/03\/PA071362-scaled.jpeg\" \/>\n<meta name=\"twitter:card\" content=\"summary_large_image\" \/>\n<meta name=\"twitter:label1\" content=\"Dur\u00e9e de lecture estim\u00e9e\" \/>\n\t<meta name=\"twitter:data1\" content=\"2 minutes\" \/>\n<script type=\"application\/ld+json\" class=\"yoast-schema-graph\">{\"@context\":\"https:\\\/\\\/schema.org\",\"@graph\":[{\"@type\":\"WebPage\",\"@id\":\"https:\\\/\\\/mdormond.eleves.mediamatique.ch\\\/wp-cie4-site1\\\/wordpress\\\/le-saut-du-tremplin-photographie\\\/\",\"url\":\"https:\\\/\\\/mdormond.eleves.mediamatique.ch\\\/wp-cie4-site1\\\/wordpress\\\/le-saut-du-tremplin-photographie\\\/\",\"name\":\"Le saut du tremplin - Photographie - Le saut du tremplin\",\"isPartOf\":{\"@id\":\"https:\\\/\\\/mdormond.eleves.mediamatique.ch\\\/wp-cie4-site1\\\/wordpress\\\/#website\"},\"primaryImageOfPage\":{\"@id\":\"https:\\\/\\\/mdormond.eleves.mediamatique.ch\\\/wp-cie4-site1\\\/wordpress\\\/le-saut-du-tremplin-photographie\\\/#primaryimage\"},\"image\":{\"@id\":\"https:\\\/\\\/mdormond.eleves.mediamatique.ch\\\/wp-cie4-site1\\\/wordpress\\\/le-saut-du-tremplin-photographie\\\/#primaryimage\"},\"thumbnailUrl\":\"http:\\\/\\\/mdormond.eleves.mediamatique.ch\\\/wp-cie4-site1\\\/wordpress\\\/wp-content\\\/uploads\\\/2022\\\/03\\\/PA071362-scaled.jpeg\",\"datePublished\":\"2022-03-15T07:34:22+00:00\",\"dateModified\":\"2022-03-17T10:30:41+00:00\",\"breadcrumb\":{\"@id\":\"https:\\\/\\\/mdormond.eleves.mediamatique.ch\\\/wp-cie4-site1\\\/wordpress\\\/le-saut-du-tremplin-photographie\\\/#breadcrumb\"},\"inLanguage\":\"fr-FR\",\"potentialAction\":[{\"@type\":\"ReadAction\",\"target\":[\"https:\\\/\\\/mdormond.eleves.mediamatique.ch\\\/wp-cie4-site1\\\/wordpress\\\/le-saut-du-tremplin-photographie\\\/\"]}]},{\"@type\":\"ImageObject\",\"inLanguage\":\"fr-FR\",\"@id\":\"https:\\\/\\\/mdormond.eleves.mediamatique.ch\\\/wp-cie4-site1\\\/wordpress\\\/le-saut-du-tremplin-photographie\\\/#primaryimage\",\"url\":\"http:\\\/\\\/mdormond.eleves.mediamatique.ch\\\/wp-cie4-site1\\\/wordpress\\\/wp-content\\\/uploads\\\/2022\\\/03\\\/PA071362-scaled.jpeg\",\"contentUrl\":\"http:\\\/\\\/mdormond.eleves.mediamatique.ch\\\/wp-cie4-site1\\\/wordpress\\\/wp-content\\\/uploads\\\/2022\\\/03\\\/PA071362-scaled.jpeg\"},{\"@type\":\"BreadcrumbList\",\"@id\":\"https:\\\/\\\/mdormond.eleves.mediamatique.ch\\\/wp-cie4-site1\\\/wordpress\\\/le-saut-du-tremplin-photographie\\\/#breadcrumb\",\"itemListElement\":[{\"@type\":\"ListItem\",\"position\":1,\"name\":\"Accueil\",\"item\":\"https:\\\/\\\/mdormond.eleves.mediamatique.ch\\\/wp-cie4-site1\\\/wordpress\\\/\"},{\"@type\":\"ListItem\",\"position\":2,\"name\":\"Le saut du tremplin &#8211; Photographie\"}]},{\"@type\":\"WebSite\",\"@id\":\"https:\\\/\\\/mdormond.eleves.mediamatique.ch\\\/wp-cie4-site1\\\/wordpress\\\/#website\",\"url\":\"https:\\\/\\\/mdormond.eleves.mediamatique.ch\\\/wp-cie4-site1\\\/wordpress\\\/\",\"name\":\"Le saut du tremplin\",\"description\":\"Une compagnie de th\u00e9\u00e2tre diff\u00e9rente\",\"publisher\":{\"@id\":\"https:\\\/\\\/mdormond.eleves.mediamatique.ch\\\/wp-cie4-site1\\\/wordpress\\\/#organization\"},\"potentialAction\":[{\"@type\":\"SearchAction\",\"target\":{\"@type\":\"EntryPoint\",\"urlTemplate\":\"https:\\\/\\\/mdormond.eleves.mediamatique.ch\\\/wp-cie4-site1\\\/wordpress\\\/?s={search_term_string}\"},\"query-input\":{\"@type\":\"PropertyValueSpecification\",\"valueRequired\":true,\"valueName\":\"search_term_string\"}}],\"inLanguage\":\"fr-FR\"},{\"@type\":\"Organization\",\"@id\":\"https:\\\/\\\/mdormond.eleves.mediamatique.ch\\\/wp-cie4-site1\\\/wordpress\\\/#organization\",\"name\":\"Le saut du tremplin\",\"url\":\"https:\\\/\\\/mdormond.eleves.mediamatique.ch\\\/wp-cie4-site1\\\/wordpress\\\/\",\"logo\":{\"@type\":\"ImageObject\",\"inLanguage\":\"fr-FR\",\"@id\":\"https:\\\/\\\/mdormond.eleves.mediamatique.ch\\\/wp-cie4-site1\\\/wordpress\\\/#\\\/schema\\\/logo\\\/image\\\/\",\"url\":\"https:\\\/\\\/mdormond.eleves.mediamatique.ch\\\/wp-cie4-site1\\\/wordpress\\\/wp-content\\\/uploads\\\/2022\\\/03\\\/Logo_New_V3.png\",\"contentUrl\":\"https:\\\/\\\/mdormond.eleves.mediamatique.ch\\\/wp-cie4-site1\\\/wordpress\\\/wp-content\\\/uploads\\\/2022\\\/03\\\/Logo_New_V3.png\",\"width\":517,\"height\":121,\"caption\":\"Le saut du tremplin\"},\"image\":{\"@id\":\"https:\\\/\\\/mdormond.eleves.mediamatique.ch\\\/wp-cie4-site1\\\/wordpress\\\/#\\\/schema\\\/logo\\\/image\\\/\"}}]}<\/script>\n<!-- \/ Yoast SEO plugin. -->","yoast_head_json":{"title":"Le saut du tremplin - Photographie - Le saut du tremplin","robots":{"index":"index","follow":"follow","max-snippet":"max-snippet:-1","max-image-preview":"max-image-preview:large","max-video-preview":"max-video-preview:-1"},"canonical":"https:\/\/mdormond.eleves.mediamatique.ch\/wp-cie4-site1\/wordpress\/le-saut-du-tremplin-photographie\/","og_locale":"fr_FR","og_type":"article","og_title":"Le saut du tremplin - Photographie - Le saut du tremplin","og_description":"Photographie TIQUETONNE LES DEUX SOEURS CECI N&rsquo;EST PAS UNE SAUCISSE LA NUIT DE QARAQOSH TIQUETONNE LES DEUX SOEURS CECI N&rsquo;EST PAS UNE SAUCISSE LA NUIT DE QARAQOSH TIQUETONNE","og_url":"https:\/\/mdormond.eleves.mediamatique.ch\/wp-cie4-site1\/wordpress\/le-saut-du-tremplin-photographie\/","og_site_name":"Le saut du tremplin","article_modified_time":"2022-03-17T10:30:41+00:00","og_image":[{"url":"http:\/\/mdormond.eleves.mediamatique.ch\/wp-cie4-site1\/wordpress\/wp-content\/uploads\/2022\/03\/PA071362-scaled.jpeg","type":"","width":"","height":""}],"twitter_card":"summary_large_image","twitter_misc":{"Dur\u00e9e de lecture estim\u00e9e":"2 minutes"},"schema":{"@context":"https:\/\/schema.org","@graph":[{"@type":"WebPage","@id":"https:\/\/mdormond.eleves.mediamatique.ch\/wp-cie4-site1\/wordpress\/le-saut-du-tremplin-photographie\/","url":"https:\/\/mdormond.eleves.mediamatique.ch\/wp-cie4-site1\/wordpress\/le-saut-du-tremplin-photographie\/","name":"Le saut du tremplin - Photographie - Le saut du tremplin","isPartOf":{"@id":"https:\/\/mdormond.eleves.mediamatique.ch\/wp-cie4-site1\/wordpress\/#website"},"primaryImageOfPage":{"@id":"https:\/\/mdormond.eleves.mediamatique.ch\/wp-cie4-site1\/wordpress\/le-saut-du-tremplin-photographie\/#primaryimage"},"image":{"@id":"https:\/\/mdormond.eleves.mediamatique.ch\/wp-cie4-site1\/wordpress\/le-saut-du-tremplin-photographie\/#primaryimage"},"thumbnailUrl":"http:\/\/mdormond.eleves.mediamatique.ch\/wp-cie4-site1\/wordpress\/wp-content\/uploads\/2022\/03\/PA071362-scaled.jpeg","datePublished":"2022-03-15T07:34:22+00:00","dateModified":"2022-03-17T10:30:41+00:00","breadcrumb":{"@id":"https:\/\/mdormond.eleves.mediamatique.ch\/wp-cie4-site1\/wordpress\/le-saut-du-tremplin-photographie\/#breadcrumb"},"inLanguage":"fr-FR","potentialAction":[{"@type":"ReadAction","target":["https:\/\/mdormond.eleves.mediamatique.ch\/wp-cie4-site1\/wordpress\/le-saut-du-tremplin-photographie\/"]}]},{"@type":"ImageObject","inLanguage":"fr-FR","@id":"https:\/\/mdormond.eleves.mediamatique.ch\/wp-cie4-site1\/wordpress\/le-saut-du-tremplin-photographie\/#primaryimage","url":"http:\/\/mdormond.eleves.mediamatique.ch\/wp-cie4-site1\/wordpress\/wp-content\/uploads\/2022\/03\/PA071362-scaled.jpeg","contentUrl":"http:\/\/mdormond.eleves.mediamatique.ch\/wp-cie4-site1\/wordpress\/wp-content\/uploads\/2022\/03\/PA071362-scaled.jpeg"},{"@type":"BreadcrumbList","@id":"https:\/\/mdormond.eleves.mediamatique.ch\/wp-cie4-site1\/wordpress\/le-saut-du-tremplin-photographie\/#breadcrumb","itemListElement":[{"@type":"ListItem","position":1,"name":"Accueil","item":"https:\/\/mdormond.eleves.mediamatique.ch\/wp-cie4-site1\/wordpress\/"},{"@type":"ListItem","position":2,"name":"Le saut du tremplin &#8211; Photographie"}]},{"@type":"WebSite","@id":"https:\/\/mdormond.eleves.mediamatique.ch\/wp-cie4-site1\/wordpress\/#website","url":"https:\/\/mdormond.eleves.mediamatique.ch\/wp-cie4-site1\/wordpress\/","name":"Le saut du tremplin","description":"Une compagnie de th\u00e9\u00e2tre diff\u00e9rente","publisher":{"@id":"https:\/\/mdormond.eleves.mediamatique.ch\/wp-cie4-site1\/wordpress\/#organization"},"potentialAction":[{"@type":"SearchAction","target":{"@type":"EntryPoint","urlTemplate":"https:\/\/mdormond.eleves.mediamatique.ch\/wp-cie4-site1\/wordpress\/?s={search_term_string}"},"query-input":{"@type":"PropertyValueSpecification","valueRequired":true,"valueName":"search_term_string"}}],"inLanguage":"fr-FR"},{"@type":"Organization","@id":"https:\/\/mdormond.eleves.mediamatique.ch\/wp-cie4-site1\/wordpress\/#organization","name":"Le saut du tremplin","url":"https:\/\/mdormond.eleves.mediamatique.ch\/wp-cie4-site1\/wordpress\/","logo":{"@type":"ImageObject","inLanguage":"fr-FR","@id":"https:\/\/mdormond.eleves.mediamatique.ch\/wp-cie4-site1\/wordpress\/#\/schema\/logo\/image\/","url":"https:\/\/mdormond.eleves.mediamatique.ch\/wp-cie4-site1\/wordpress\/wp-content\/uploads\/2022\/03\/Logo_New_V3.png","contentUrl":"https:\/\/mdormond.eleves.mediamatique.ch\/wp-cie4-site1\/wordpress\/wp-content\/uploads\/2022\/03\/Logo_New_V3.png","width":517,"height":121,"caption":"Le saut du tremplin"},"image":{"@id":"https:\/\/mdormond.eleves.mediamatique.ch\/wp-cie4-site1\/wordpress\/#\/schema\/logo\/image\/"}}]}},"_links":{"self":[{"href":"https:\/\/mdormond.eleves.mediamatique.ch\/wp-cie4-site1\/wordpress\/wp-json\/wp\/v2\/pages\/114","targetHints":{"allow":["GET"]}}],"collection":[{"href":"https:\/\/mdormond.eleves.mediamatique.ch\/wp-cie4-site1\/wordpress\/wp-json\/wp\/v2\/pages"}],"about":[{"href":"https:\/\/mdormond.eleves.mediamatique.ch\/wp-cie4-site1\/wordpress\/wp-json\/wp\/v2\/types\/page"}],"author":[{"embeddable":true,"href":"https:\/\/mdormond.eleves.mediamatique.ch\/wp-cie4-site1\/wordpress\/wp-json\/wp\/v2\/users\/1"}],"replies":[{"embeddable":true,"href":"https:\/\/mdormond.eleves.mediamatique.ch\/wp-cie4-site1\/wordpress\/wp-json\/wp\/v2\/comments?post=114"}],"version-history":[{"count":46,"href":"https:\/\/mdormond.eleves.mediamatique.ch\/wp-cie4-site1\/wordpress\/wp-json\/wp\/v2\/pages\/114\/revisions"}],"predecessor-version":[{"id":1194,"href":"https:\/\/mdormond.eleves.mediamatique.ch\/wp-cie4-site1\/wordpress\/wp-json\/wp\/v2\/pages\/114\/revisions\/1194"}],"wp:attachment":[{"href":"https:\/\/mdormond.eleves.mediamatique.ch\/wp-cie4-site1\/wordpress\/wp-json\/wp\/v2\/media?parent=114"}],"curies":[{"name":"wp","href":"https:\/\/api.w.org\/{rel}","templated":true}]}}