{"id":116,"date":"2022-03-15T07:34:44","date_gmt":"2022-03-15T07:34:44","guid":{"rendered":"http:\/\/mdormond.eleves.mediamatique.ch\/wp-cie4-site1\/wordpress\/?page_id=116"},"modified":"2022-03-17T10:26:34","modified_gmt":"2022-03-17T10:26:34","slug":"le-saut-du-tremplin-video","status":"publish","type":"page","link":"https:\/\/mdormond.eleves.mediamatique.ch\/wp-cie4-site1\/wordpress\/le-saut-du-tremplin-video\/","title":{"rendered":"Le saut du tremplin &#8211; Video"},"content":{"rendered":"\t\t<div data-elementor-type=\"wp-page\" data-elementor-id=\"116\" class=\"elementor elementor-116\">\n\t\t\t\t\t\t\t\t\t<section class=\"elementor-section elementor-top-section elementor-element elementor-element-5b665232 elementor-section-full_width elementor-section-height-min-height elementor-section-height-default elementor-section-items-middle\" data-id=\"5b665232\" data-element_type=\"section\" data-settings=\"{&quot;jet_parallax_layout_list&quot;:[],&quot;background_background&quot;:&quot;classic&quot;}\">\n\t\t\t\t\t\t<div class=\"elementor-container elementor-column-gap-default\">\n\t\t\t\t\t<div class=\"elementor-column elementor-col-100 elementor-top-column elementor-element elementor-element-4f18307f\" data-id=\"4f18307f\" data-element_type=\"column\">\n\t\t\t<div class=\"elementor-widget-wrap elementor-element-populated\">\n\t\t\t\t\t\t\t\t<div class=\"elementor-element elementor-element-25b1fc4b elementor-widget elementor-widget-heading\" data-id=\"25b1fc4b\" data-element_type=\"widget\" data-widget_type=\"heading.default\">\n\t\t\t\t<div class=\"elementor-widget-container\">\n\t\t\t<style>\/*! elementor - v3.6.6 - 08-06-2022 *\/\n.elementor-heading-title{padding:0;margin:0;line-height:1}.elementor-widget-heading .elementor-heading-title[class*=elementor-size-]>a{color:inherit;font-size:inherit;line-height:inherit}.elementor-widget-heading .elementor-heading-title.elementor-size-small{font-size:15px}.elementor-widget-heading .elementor-heading-title.elementor-size-medium{font-size:19px}.elementor-widget-heading .elementor-heading-title.elementor-size-large{font-size:29px}.elementor-widget-heading .elementor-heading-title.elementor-size-xl{font-size:39px}.elementor-widget-heading .elementor-heading-title.elementor-size-xxl{font-size:59px}<\/style><h1 class=\"elementor-heading-title elementor-size-default\">Vid\u00e9o<\/h1>\t\t<\/div>\n\t\t\t\t<\/div>\n\t\t\t\t\t<\/div>\n\t\t<\/div>\n\t\t\t\t\t\t\t<\/div>\n\t\t<\/section>\n\t\t\t\t<section class=\"elementor-section elementor-top-section elementor-element elementor-element-715e806 elementor-section-height-min-height elementor-section-boxed elementor-section-height-default elementor-section-items-middle\" data-id=\"715e806\" data-element_type=\"section\" data-settings=\"{&quot;jet_parallax_layout_list&quot;:[],&quot;background_background&quot;:&quot;gradient&quot;}\">\n\t\t\t\t\t\t<div class=\"elementor-container elementor-column-gap-default\">\n\t\t\t\t\t<div class=\"elementor-column elementor-col-100 elementor-top-column elementor-element elementor-element-e5d0a4b\" data-id=\"e5d0a4b\" data-element_type=\"column\">\n\t\t\t<div class=\"elementor-widget-wrap\">\n\t\t\t\t\t\t\t\t\t<\/div>\n\t\t<\/div>\n\t\t\t\t\t\t\t<\/div>\n\t\t<\/section>\n\t\t\t\t<section class=\"elementor-section elementor-top-section elementor-element elementor-element-eef9dac elementor-section-boxed elementor-section-height-default elementor-section-height-default\" data-id=\"eef9dac\" data-element_type=\"section\" data-settings=\"{&quot;jet_parallax_layout_list&quot;:[],&quot;background_background&quot;:&quot;classic&quot;}\">\n\t\t\t\t\t\t<div class=\"elementor-container elementor-column-gap-default\">\n\t\t\t\t\t<div class=\"elementor-column elementor-col-50 elementor-top-column elementor-element elementor-element-052a27e\" data-id=\"052a27e\" data-element_type=\"column\">\n\t\t\t<div class=\"elementor-widget-wrap elementor-element-populated\">\n\t\t\t\t\t\t\t\t<div class=\"elementor-element elementor-element-fe61390 elementor-hidden-mobile elementor-widget elementor-widget-heading\" data-id=\"fe61390\" data-element_type=\"widget\" data-widget_type=\"heading.default\">\n\t\t\t\t<div class=\"elementor-widget-container\">\n\t\t\t<h2 class=\"elementor-heading-title elementor-size-default\">Le duo Guigue et Plo<\/h2>\t\t<\/div>\n\t\t\t\t<\/div>\n\t\t\t\t<div class=\"elementor-element elementor-element-1aff340 elementor-hidden-mobile elementor-widget elementor-widget-text-editor\" data-id=\"1aff340\" data-element_type=\"widget\" data-widget_type=\"text-editor.default\">\n\t\t\t\t<div class=\"elementor-widget-container\">\n\t\t\t<style>\/*! elementor - v3.6.6 - 08-06-2022 *\/\n.elementor-widget-text-editor.elementor-drop-cap-view-stacked .elementor-drop-cap{background-color:#818a91;color:#fff}.elementor-widget-text-editor.elementor-drop-cap-view-framed .elementor-drop-cap{color:#818a91;border:3px solid;background-color:transparent}.elementor-widget-text-editor:not(.elementor-drop-cap-view-default) .elementor-drop-cap{margin-top:8px}.elementor-widget-text-editor:not(.elementor-drop-cap-view-default) .elementor-drop-cap-letter{width:1em;height:1em}.elementor-widget-text-editor .elementor-drop-cap{float:left;text-align:center;line-height:1;font-size:50px}.elementor-widget-text-editor .elementor-drop-cap-letter{display:inline-block}<\/style>\t\t\t\t<p>Le spectacle \u00ab\u00a0La boucle est boucl\u00e9e\u00a0\u00bb complet propos\u00e9 par Guigue et Plo.<\/p>\t\t\t\t\t\t<\/div>\n\t\t\t\t<\/div>\n\t\t\t\t\t<\/div>\n\t\t<\/div>\n\t\t\t\t<div class=\"elementor-column elementor-col-50 elementor-top-column elementor-element elementor-element-26efc99\" data-id=\"26efc99\" data-element_type=\"column\">\n\t\t\t<div class=\"elementor-widget-wrap elementor-element-populated\">\n\t\t\t\t\t\t\t\t<div class=\"elementor-element elementor-element-675b1d1 elementor-aspect-ratio-169 elementor-widget elementor-widget-video\" data-id=\"675b1d1\" data-element_type=\"widget\" data-settings=\"{&quot;youtube_url&quot;:&quot;https:\\\/\\\/www.youtube.com\\\/watch?v=jwwjP3ZJxss&quot;,&quot;video_type&quot;:&quot;youtube&quot;,&quot;controls&quot;:&quot;yes&quot;,&quot;aspect_ratio&quot;:&quot;169&quot;}\" data-widget_type=\"video.default\">\n\t\t\t\t<div class=\"elementor-widget-container\">\n\t\t\t<style>\/*! elementor - v3.6.6 - 08-06-2022 *\/\n.elementor-widget-video .elementor-widget-container{overflow:hidden;-webkit-transform:translateZ(0);transform:translateZ(0)}.elementor-widget-video .elementor-open-inline .elementor-custom-embed-image-overlay{position:absolute;top:0;left:0;width:100%;height:100%;background-size:cover;background-position:50%}.elementor-widget-video .elementor-custom-embed-image-overlay{cursor:pointer;text-align:center}.elementor-widget-video .elementor-custom-embed-image-overlay:hover .elementor-custom-embed-play i{opacity:1}.elementor-widget-video .elementor-custom-embed-image-overlay img{display:block;width:100%}.elementor-widget-video .e-hosted-video .elementor-video{-o-object-fit:cover;object-fit:cover}<\/style>\t\t<div class=\"elementor-wrapper elementor-fit-aspect-ratio elementor-open-inline\">\n\t\t\t<div class=\"elementor-video\"><\/div>\t\t<\/div>\n\t\t\t\t<\/div>\n\t\t\t\t<\/div>\n\t\t\t\t<div class=\"elementor-element elementor-element-1572e05 elementor-hidden-desktop elementor-hidden-tablet elementor-widget elementor-widget-heading\" data-id=\"1572e05\" data-element_type=\"widget\" data-widget_type=\"heading.default\">\n\t\t\t\t<div class=\"elementor-widget-container\">\n\t\t\t<h2 class=\"elementor-heading-title elementor-size-default\">Le duo Guigue et Plo<\/h2>\t\t<\/div>\n\t\t\t\t<\/div>\n\t\t\t\t<div class=\"elementor-element elementor-element-9608b7d elementor-hidden-desktop elementor-hidden-tablet elementor-widget elementor-widget-text-editor\" data-id=\"9608b7d\" data-element_type=\"widget\" data-widget_type=\"text-editor.default\">\n\t\t\t\t<div class=\"elementor-widget-container\">\n\t\t\t\t\t\t\t<p>Le spectacle \u00ab\u00a0La boucle est boucl\u00e9e\u00a0\u00bb complet propos\u00e9 par Guigue et Plo.<\/p>\t\t\t\t\t\t<\/div>\n\t\t\t\t<\/div>\n\t\t\t\t\t<\/div>\n\t\t<\/div>\n\t\t\t\t\t\t\t<\/div>\n\t\t<\/section>\n\t\t\t\t<section class=\"elementor-section elementor-top-section elementor-element elementor-element-022385a elementor-section-boxed elementor-section-height-default elementor-section-height-default\" data-id=\"022385a\" data-element_type=\"section\" data-settings=\"{&quot;jet_parallax_layout_list&quot;:[],&quot;background_background&quot;:&quot;classic&quot;}\">\n\t\t\t\t\t\t<div class=\"elementor-container elementor-column-gap-default\">\n\t\t\t\t\t<div class=\"elementor-column elementor-col-50 elementor-top-column elementor-element elementor-element-742ec42\" data-id=\"742ec42\" data-element_type=\"column\">\n\t\t\t<div class=\"elementor-widget-wrap elementor-element-populated\">\n\t\t\t\t\t\t\t\t<div class=\"elementor-element elementor-element-2cf9e76 elementor-aspect-ratio-169 elementor-widget elementor-widget-video\" data-id=\"2cf9e76\" data-element_type=\"widget\" data-settings=\"{&quot;youtube_url&quot;:&quot;https:\\\/\\\/www.youtube.com\\\/watch?v=4shYnrXvqCU&quot;,&quot;video_type&quot;:&quot;youtube&quot;,&quot;controls&quot;:&quot;yes&quot;,&quot;aspect_ratio&quot;:&quot;169&quot;}\" data-widget_type=\"video.default\">\n\t\t\t\t<div class=\"elementor-widget-container\">\n\t\t\t\t\t<div class=\"elementor-wrapper elementor-fit-aspect-ratio elementor-open-inline\">\n\t\t\t<div class=\"elementor-video\"><\/div>\t\t<\/div>\n\t\t\t\t<\/div>\n\t\t\t\t<\/div>\n\t\t\t\t<div class=\"elementor-element elementor-element-7a5a7f5 elementor-hidden-desktop elementor-hidden-tablet elementor-widget elementor-widget-heading\" data-id=\"7a5a7f5\" data-element_type=\"widget\" data-widget_type=\"heading.default\">\n\t\t\t\t<div class=\"elementor-widget-container\">\n\t\t\t<h2 class=\"elementor-heading-title elementor-size-default\">Quelle Question ! feat. Maman<\/h2>\t\t<\/div>\n\t\t\t\t<\/div>\n\t\t\t\t<div class=\"elementor-element elementor-element-f12ab0b elementor-hidden-desktop elementor-hidden-tablet elementor-widget elementor-widget-text-editor\" data-id=\"f12ab0b\" data-element_type=\"widget\" data-widget_type=\"text-editor.default\">\n\t\t\t\t<div class=\"elementor-widget-container\">\n\t\t\t\t\t\t\t<p>Cette semaine, Guigue &amp; Plo posent une question \u00e0 Maman.<\/p>\t\t\t\t\t\t<\/div>\n\t\t\t\t<\/div>\n\t\t\t\t\t<\/div>\n\t\t<\/div>\n\t\t\t\t<div class=\"elementor-column elementor-col-50 elementor-top-column elementor-element elementor-element-7e00181\" data-id=\"7e00181\" data-element_type=\"column\">\n\t\t\t<div class=\"elementor-widget-wrap elementor-element-populated\">\n\t\t\t\t\t\t\t\t<div class=\"elementor-element elementor-element-676a337 elementor-hidden-mobile elementor-widget elementor-widget-heading\" data-id=\"676a337\" data-element_type=\"widget\" data-widget_type=\"heading.default\">\n\t\t\t\t<div class=\"elementor-widget-container\">\n\t\t\t<h2 class=\"elementor-heading-title elementor-size-default\">Quelle Question ! feat. Maman<\/h2>\t\t<\/div>\n\t\t\t\t<\/div>\n\t\t\t\t<div class=\"elementor-element elementor-element-75826be elementor-hidden-mobile elementor-widget elementor-widget-text-editor\" data-id=\"75826be\" data-element_type=\"widget\" data-widget_type=\"text-editor.default\">\n\t\t\t\t<div class=\"elementor-widget-container\">\n\t\t\t\t\t\t\t<p>Cette semaine, Guigue &amp; Plo posent une question \u00e0 Maman.<\/p>\t\t\t\t\t\t<\/div>\n\t\t\t\t<\/div>\n\t\t\t\t\t<\/div>\n\t\t<\/div>\n\t\t\t\t\t\t\t<\/div>\n\t\t<\/section>\n\t\t\t\t<section class=\"elementor-section elementor-top-section elementor-element elementor-element-7563c99 elementor-section-boxed elementor-section-height-default elementor-section-height-default\" data-id=\"7563c99\" data-element_type=\"section\" data-settings=\"{&quot;jet_parallax_layout_list&quot;:[],&quot;background_background&quot;:&quot;classic&quot;}\">\n\t\t\t\t\t\t<div class=\"elementor-container elementor-column-gap-default\">\n\t\t\t\t\t<div class=\"elementor-column elementor-col-50 elementor-top-column elementor-element elementor-element-bbae167\" data-id=\"bbae167\" data-element_type=\"column\">\n\t\t\t<div class=\"elementor-widget-wrap elementor-element-populated\">\n\t\t\t\t\t\t\t\t<div class=\"elementor-element elementor-element-2a5361f elementor-hidden-mobile elementor-widget elementor-widget-heading\" data-id=\"2a5361f\" data-element_type=\"widget\" data-widget_type=\"heading.default\">\n\t\t\t\t<div class=\"elementor-widget-container\">\n\t\t\t<h2 class=\"elementor-heading-title elementor-size-default\">Teaser Les Deux Soeurs<\/h2>\t\t<\/div>\n\t\t\t\t<\/div>\n\t\t\t\t<div class=\"elementor-element elementor-element-bf7ae5d elementor-hidden-mobile elementor-widget elementor-widget-text-editor\" data-id=\"bf7ae5d\" data-element_type=\"widget\" data-widget_type=\"text-editor.default\">\n\t\t\t\t<div class=\"elementor-widget-container\">\n\t\t\t\t\t\t\t<p>Teaser du spectacle LES DEUX SOEURS. Mise en sc\u00e8ne : Sophie Deforge et Marguerite Kloeckner. Avec : Marthe Duranson ou Marie Jocteur, Marguerite Kloeckner, Gr\u00e9goire Roqueplo et Franck.<\/p>\t\t\t\t\t\t<\/div>\n\t\t\t\t<\/div>\n\t\t\t\t\t<\/div>\n\t\t<\/div>\n\t\t\t\t<div class=\"elementor-column elementor-col-50 elementor-top-column elementor-element elementor-element-7bfda8d\" data-id=\"7bfda8d\" data-element_type=\"column\">\n\t\t\t<div class=\"elementor-widget-wrap elementor-element-populated\">\n\t\t\t\t\t\t\t\t<div class=\"elementor-element elementor-element-aa1d66c elementor-aspect-ratio-169 elementor-widget elementor-widget-video\" data-id=\"aa1d66c\" data-element_type=\"widget\" data-settings=\"{&quot;youtube_url&quot;:&quot;https:\\\/\\\/www.youtube.com\\\/watch?v=XlyegxIxVfw&quot;,&quot;video_type&quot;:&quot;youtube&quot;,&quot;controls&quot;:&quot;yes&quot;,&quot;aspect_ratio&quot;:&quot;169&quot;}\" data-widget_type=\"video.default\">\n\t\t\t\t<div class=\"elementor-widget-container\">\n\t\t\t\t\t<div class=\"elementor-wrapper elementor-fit-aspect-ratio elementor-open-inline\">\n\t\t\t<div class=\"elementor-video\"><\/div>\t\t<\/div>\n\t\t\t\t<\/div>\n\t\t\t\t<\/div>\n\t\t\t\t<div class=\"elementor-element elementor-element-b7e75bb elementor-hidden-desktop elementor-hidden-tablet elementor-widget elementor-widget-heading\" data-id=\"b7e75bb\" data-element_type=\"widget\" data-widget_type=\"heading.default\">\n\t\t\t\t<div class=\"elementor-widget-container\">\n\t\t\t<h2 class=\"elementor-heading-title elementor-size-default\">Teaser Les Deux Soeurs<\/h2>\t\t<\/div>\n\t\t\t\t<\/div>\n\t\t\t\t<div class=\"elementor-element elementor-element-d24fa23 elementor-hidden-desktop elementor-hidden-tablet elementor-widget elementor-widget-text-editor\" data-id=\"d24fa23\" data-element_type=\"widget\" data-widget_type=\"text-editor.default\">\n\t\t\t\t<div class=\"elementor-widget-container\">\n\t\t\t\t\t\t\t<p>Teaser du spectacle LES DEUX SOEURS. Mise en sc\u00e8ne : Sophie Deforge et Marguerite Kloeckner. Avec : Marthe Duranson ou Marie Jocteur, Marguerite Kloeckner, Gr\u00e9goire Roqueplo et Franck.<\/p>\t\t\t\t\t\t<\/div>\n\t\t\t\t<\/div>\n\t\t\t\t\t<\/div>\n\t\t<\/div>\n\t\t\t\t\t\t\t<\/div>\n\t\t<\/section>\n\t\t\t\t\t\t\t<\/div>\n\t\t","protected":false},"excerpt":{"rendered":"<p>Vid\u00e9o Le duo Guigue et Plo Le spectacle \u00ab\u00a0La boucle est boucl\u00e9e\u00a0\u00bb complet propos\u00e9 par Guigue et Plo. https:\/\/www.youtube.com\/watch?v=jwwjP3ZJxss Le duo Guigue et Plo Le spectacle \u00ab\u00a0La boucle est boucl\u00e9e\u00a0\u00bb complet propos\u00e9 par Guigue et Plo. https:\/\/www.youtube.com\/watch?v=4shYnrXvqCU Quelle Question ! feat. Maman Cette semaine, Guigue &amp; Plo posent une question \u00e0 Maman. Quelle Question ! [&hellip;]<\/p>\n","protected":false},"author":1,"featured_media":0,"parent":0,"menu_order":0,"comment_status":"closed","ping_status":"closed","template":"","meta":{"footnotes":""},"class_list":["post-116","page","type-page","status-publish","hentry"],"yoast_head":"<!-- This site is optimized with the Yoast SEO plugin v27.5 - https:\/\/yoast.com\/product\/yoast-seo-wordpress\/ -->\n<title>Le saut du tremplin - Video - Le saut du tremplin<\/title>\n<meta name=\"robots\" content=\"index, follow, max-snippet:-1, max-image-preview:large, max-video-preview:-1\" \/>\n<link rel=\"canonical\" href=\"https:\/\/mdormond.eleves.mediamatique.ch\/wp-cie4-site1\/wordpress\/le-saut-du-tremplin-video\/\" \/>\n<meta property=\"og:locale\" content=\"fr_FR\" \/>\n<meta property=\"og:type\" content=\"article\" \/>\n<meta property=\"og:title\" content=\"Le saut du tremplin - Video - Le saut du tremplin\" \/>\n<meta property=\"og:description\" content=\"Vid\u00e9o Le duo Guigue et Plo Le spectacle \u00ab\u00a0La boucle est boucl\u00e9e\u00a0\u00bb complet propos\u00e9 par Guigue et Plo. https:\/\/www.youtube.com\/watch?v=jwwjP3ZJxss Le duo Guigue et Plo Le spectacle \u00ab\u00a0La boucle est boucl\u00e9e\u00a0\u00bb complet propos\u00e9 par Guigue et Plo. https:\/\/www.youtube.com\/watch?v=4shYnrXvqCU Quelle Question ! feat. Maman Cette semaine, Guigue &amp; Plo posent une question \u00e0 Maman. Quelle Question ! [&hellip;]\" \/>\n<meta property=\"og:url\" content=\"https:\/\/mdormond.eleves.mediamatique.ch\/wp-cie4-site1\/wordpress\/le-saut-du-tremplin-video\/\" \/>\n<meta property=\"og:site_name\" content=\"Le saut du tremplin\" \/>\n<meta property=\"article:modified_time\" content=\"2022-03-17T10:26:34+00:00\" \/>\n<meta name=\"twitter:card\" content=\"summary_large_image\" \/>\n<meta name=\"twitter:label1\" content=\"Dur\u00e9e de lecture estim\u00e9e\" \/>\n\t<meta name=\"twitter:data1\" content=\"1 minute\" \/>\n<script type=\"application\/ld+json\" class=\"yoast-schema-graph\">{\"@context\":\"https:\\\/\\\/schema.org\",\"@graph\":[{\"@type\":\"WebPage\",\"@id\":\"https:\\\/\\\/mdormond.eleves.mediamatique.ch\\\/wp-cie4-site1\\\/wordpress\\\/le-saut-du-tremplin-video\\\/\",\"url\":\"https:\\\/\\\/mdormond.eleves.mediamatique.ch\\\/wp-cie4-site1\\\/wordpress\\\/le-saut-du-tremplin-video\\\/\",\"name\":\"Le saut du tremplin - Video - Le saut du tremplin\",\"isPartOf\":{\"@id\":\"https:\\\/\\\/mdormond.eleves.mediamatique.ch\\\/wp-cie4-site1\\\/wordpress\\\/#website\"},\"datePublished\":\"2022-03-15T07:34:44+00:00\",\"dateModified\":\"2022-03-17T10:26:34+00:00\",\"breadcrumb\":{\"@id\":\"https:\\\/\\\/mdormond.eleves.mediamatique.ch\\\/wp-cie4-site1\\\/wordpress\\\/le-saut-du-tremplin-video\\\/#breadcrumb\"},\"inLanguage\":\"fr-FR\",\"potentialAction\":[{\"@type\":\"ReadAction\",\"target\":[\"https:\\\/\\\/mdormond.eleves.mediamatique.ch\\\/wp-cie4-site1\\\/wordpress\\\/le-saut-du-tremplin-video\\\/\"]}]},{\"@type\":\"BreadcrumbList\",\"@id\":\"https:\\\/\\\/mdormond.eleves.mediamatique.ch\\\/wp-cie4-site1\\\/wordpress\\\/le-saut-du-tremplin-video\\\/#breadcrumb\",\"itemListElement\":[{\"@type\":\"ListItem\",\"position\":1,\"name\":\"Accueil\",\"item\":\"https:\\\/\\\/mdormond.eleves.mediamatique.ch\\\/wp-cie4-site1\\\/wordpress\\\/\"},{\"@type\":\"ListItem\",\"position\":2,\"name\":\"Le saut du tremplin &#8211; Video\"}]},{\"@type\":\"WebSite\",\"@id\":\"https:\\\/\\\/mdormond.eleves.mediamatique.ch\\\/wp-cie4-site1\\\/wordpress\\\/#website\",\"url\":\"https:\\\/\\\/mdormond.eleves.mediamatique.ch\\\/wp-cie4-site1\\\/wordpress\\\/\",\"name\":\"Le saut du tremplin\",\"description\":\"Une compagnie de th\u00e9\u00e2tre diff\u00e9rente\",\"publisher\":{\"@id\":\"https:\\\/\\\/mdormond.eleves.mediamatique.ch\\\/wp-cie4-site1\\\/wordpress\\\/#organization\"},\"potentialAction\":[{\"@type\":\"SearchAction\",\"target\":{\"@type\":\"EntryPoint\",\"urlTemplate\":\"https:\\\/\\\/mdormond.eleves.mediamatique.ch\\\/wp-cie4-site1\\\/wordpress\\\/?s={search_term_string}\"},\"query-input\":{\"@type\":\"PropertyValueSpecification\",\"valueRequired\":true,\"valueName\":\"search_term_string\"}}],\"inLanguage\":\"fr-FR\"},{\"@type\":\"Organization\",\"@id\":\"https:\\\/\\\/mdormond.eleves.mediamatique.ch\\\/wp-cie4-site1\\\/wordpress\\\/#organization\",\"name\":\"Le saut du tremplin\",\"url\":\"https:\\\/\\\/mdormond.eleves.mediamatique.ch\\\/wp-cie4-site1\\\/wordpress\\\/\",\"logo\":{\"@type\":\"ImageObject\",\"inLanguage\":\"fr-FR\",\"@id\":\"https:\\\/\\\/mdormond.eleves.mediamatique.ch\\\/wp-cie4-site1\\\/wordpress\\\/#\\\/schema\\\/logo\\\/image\\\/\",\"url\":\"https:\\\/\\\/mdormond.eleves.mediamatique.ch\\\/wp-cie4-site1\\\/wordpress\\\/wp-content\\\/uploads\\\/2022\\\/03\\\/Logo_New_V3.png\",\"contentUrl\":\"https:\\\/\\\/mdormond.eleves.mediamatique.ch\\\/wp-cie4-site1\\\/wordpress\\\/wp-content\\\/uploads\\\/2022\\\/03\\\/Logo_New_V3.png\",\"width\":517,\"height\":121,\"caption\":\"Le saut du tremplin\"},\"image\":{\"@id\":\"https:\\\/\\\/mdormond.eleves.mediamatique.ch\\\/wp-cie4-site1\\\/wordpress\\\/#\\\/schema\\\/logo\\\/image\\\/\"}}]}<\/script>\n<!-- \/ Yoast SEO plugin. -->","yoast_head_json":{"title":"Le saut du tremplin - Video - Le saut du tremplin","robots":{"index":"index","follow":"follow","max-snippet":"max-snippet:-1","max-image-preview":"max-image-preview:large","max-video-preview":"max-video-preview:-1"},"canonical":"https:\/\/mdormond.eleves.mediamatique.ch\/wp-cie4-site1\/wordpress\/le-saut-du-tremplin-video\/","og_locale":"fr_FR","og_type":"article","og_title":"Le saut du tremplin - Video - Le saut du tremplin","og_description":"Vid\u00e9o Le duo Guigue et Plo Le spectacle \u00ab\u00a0La boucle est boucl\u00e9e\u00a0\u00bb complet propos\u00e9 par Guigue et Plo. https:\/\/www.youtube.com\/watch?v=jwwjP3ZJxss Le duo Guigue et Plo Le spectacle \u00ab\u00a0La boucle est boucl\u00e9e\u00a0\u00bb complet propos\u00e9 par Guigue et Plo. https:\/\/www.youtube.com\/watch?v=4shYnrXvqCU Quelle Question ! feat. Maman Cette semaine, Guigue &amp; Plo posent une question \u00e0 Maman. Quelle Question ! [&hellip;]","og_url":"https:\/\/mdormond.eleves.mediamatique.ch\/wp-cie4-site1\/wordpress\/le-saut-du-tremplin-video\/","og_site_name":"Le saut du tremplin","article_modified_time":"2022-03-17T10:26:34+00:00","twitter_card":"summary_large_image","twitter_misc":{"Dur\u00e9e de lecture estim\u00e9e":"1 minute"},"schema":{"@context":"https:\/\/schema.org","@graph":[{"@type":"WebPage","@id":"https:\/\/mdormond.eleves.mediamatique.ch\/wp-cie4-site1\/wordpress\/le-saut-du-tremplin-video\/","url":"https:\/\/mdormond.eleves.mediamatique.ch\/wp-cie4-site1\/wordpress\/le-saut-du-tremplin-video\/","name":"Le saut du tremplin - Video - Le saut du tremplin","isPartOf":{"@id":"https:\/\/mdormond.eleves.mediamatique.ch\/wp-cie4-site1\/wordpress\/#website"},"datePublished":"2022-03-15T07:34:44+00:00","dateModified":"2022-03-17T10:26:34+00:00","breadcrumb":{"@id":"https:\/\/mdormond.eleves.mediamatique.ch\/wp-cie4-site1\/wordpress\/le-saut-du-tremplin-video\/#breadcrumb"},"inLanguage":"fr-FR","potentialAction":[{"@type":"ReadAction","target":["https:\/\/mdormond.eleves.mediamatique.ch\/wp-cie4-site1\/wordpress\/le-saut-du-tremplin-video\/"]}]},{"@type":"BreadcrumbList","@id":"https:\/\/mdormond.eleves.mediamatique.ch\/wp-cie4-site1\/wordpress\/le-saut-du-tremplin-video\/#breadcrumb","itemListElement":[{"@type":"ListItem","position":1,"name":"Accueil","item":"https:\/\/mdormond.eleves.mediamatique.ch\/wp-cie4-site1\/wordpress\/"},{"@type":"ListItem","position":2,"name":"Le saut du tremplin &#8211; Video"}]},{"@type":"WebSite","@id":"https:\/\/mdormond.eleves.mediamatique.ch\/wp-cie4-site1\/wordpress\/#website","url":"https:\/\/mdormond.eleves.mediamatique.ch\/wp-cie4-site1\/wordpress\/","name":"Le saut du tremplin","description":"Une compagnie de th\u00e9\u00e2tre diff\u00e9rente","publisher":{"@id":"https:\/\/mdormond.eleves.mediamatique.ch\/wp-cie4-site1\/wordpress\/#organization"},"potentialAction":[{"@type":"SearchAction","target":{"@type":"EntryPoint","urlTemplate":"https:\/\/mdormond.eleves.mediamatique.ch\/wp-cie4-site1\/wordpress\/?s={search_term_string}"},"query-input":{"@type":"PropertyValueSpecification","valueRequired":true,"valueName":"search_term_string"}}],"inLanguage":"fr-FR"},{"@type":"Organization","@id":"https:\/\/mdormond.eleves.mediamatique.ch\/wp-cie4-site1\/wordpress\/#organization","name":"Le saut du tremplin","url":"https:\/\/mdormond.eleves.mediamatique.ch\/wp-cie4-site1\/wordpress\/","logo":{"@type":"ImageObject","inLanguage":"fr-FR","@id":"https:\/\/mdormond.eleves.mediamatique.ch\/wp-cie4-site1\/wordpress\/#\/schema\/logo\/image\/","url":"https:\/\/mdormond.eleves.mediamatique.ch\/wp-cie4-site1\/wordpress\/wp-content\/uploads\/2022\/03\/Logo_New_V3.png","contentUrl":"https:\/\/mdormond.eleves.mediamatique.ch\/wp-cie4-site1\/wordpress\/wp-content\/uploads\/2022\/03\/Logo_New_V3.png","width":517,"height":121,"caption":"Le saut du tremplin"},"image":{"@id":"https:\/\/mdormond.eleves.mediamatique.ch\/wp-cie4-site1\/wordpress\/#\/schema\/logo\/image\/"}}]}},"_links":{"self":[{"href":"https:\/\/mdormond.eleves.mediamatique.ch\/wp-cie4-site1\/wordpress\/wp-json\/wp\/v2\/pages\/116","targetHints":{"allow":["GET"]}}],"collection":[{"href":"https:\/\/mdormond.eleves.mediamatique.ch\/wp-cie4-site1\/wordpress\/wp-json\/wp\/v2\/pages"}],"about":[{"href":"https:\/\/mdormond.eleves.mediamatique.ch\/wp-cie4-site1\/wordpress\/wp-json\/wp\/v2\/types\/page"}],"author":[{"embeddable":true,"href":"https:\/\/mdormond.eleves.mediamatique.ch\/wp-cie4-site1\/wordpress\/wp-json\/wp\/v2\/users\/1"}],"replies":[{"embeddable":true,"href":"https:\/\/mdormond.eleves.mediamatique.ch\/wp-cie4-site1\/wordpress\/wp-json\/wp\/v2\/comments?post=116"}],"version-history":[{"count":31,"href":"https:\/\/mdormond.eleves.mediamatique.ch\/wp-cie4-site1\/wordpress\/wp-json\/wp\/v2\/pages\/116\/revisions"}],"predecessor-version":[{"id":1184,"href":"https:\/\/mdormond.eleves.mediamatique.ch\/wp-cie4-site1\/wordpress\/wp-json\/wp\/v2\/pages\/116\/revisions\/1184"}],"wp:attachment":[{"href":"https:\/\/mdormond.eleves.mediamatique.ch\/wp-cie4-site1\/wordpress\/wp-json\/wp\/v2\/media?parent=116"}],"curies":[{"name":"wp","href":"https:\/\/api.w.org\/{rel}","templated":true}]}}